{"id":6836,"date":"2025-01-11T21:47:42","date_gmt":"2025-01-11T21:47:42","guid":{"rendered":"https:\/\/bluemedicalplus.com\/gizlilik-politikasi\/"},"modified":"2025-02-19T18:51:02","modified_gmt":"2025-02-19T18:51:02","slug":"gizlilik-politikasi","status":"publish","type":"page","link":"https:\/\/bluemedicalplus.com\/tr\/gizlilik-politikasi\/","title":{"rendered":"Gizlilik Politikas\u0131"},"content":{"rendered":"\t\t<div data-elementor-type=\"wp-page\" data-elementor-id=\"6836\" class=\"elementor elementor-6836 elementor-3\" data-elementor-post-type=\"page\">\n\t\t\t\t<div class=\"elementor-element elementor-element-43d22fb9 e-flex e-con-boxed e-con e-parent\" data-id=\"43d22fb9\" data-element_type=\"container\" data-e-type=\"container\">\n\t\t\t\t\t<div class=\"e-con-inner\">\n\t\t\t\t<div class=\"elementor-element elementor-element-62f2aff1 elementor-widget elementor-widget-text-editor\" data-id=\"62f2aff1\" data-element_type=\"widget\" data-e-type=\"widget\" data-widget_type=\"text-editor.default\">\n\t\t\t\t<div class=\"elementor-widget-container\">\n\t\t\t\t\t\t\t\t\t\n<h5><b>Son G\u00fcncelleme: 03\/02\/2025<\/b><\/h5>\n<h5><b>Biz Kimiz<\/b><\/h5>\n<p><b> <br><\/b><span style=\"font-weight: 400;\">Web sitesi adresimiz:<\/span><a href=\"https:\/\/bluemedicalplus.com\">  <span style=\"font-weight: 400;\">https:\/\/bluemedicalplus.com<\/span><\/a><\/p>\n<h5><span style=\"font-weight: 400;\"><br><\/span><b>Yorumlar<\/b><\/h5>\n<p><b><br><\/b><span style=\"font-weight: 400;\">Ziyaret\u00e7iler siteye yorum b\u0131rakt\u0131\u011f\u0131nda, spam tespitine yard\u0131mc\u0131 olmak i\u00e7in yorum formunda g\u00f6sterilen verilerin yan\u0131 s\u0131ra ziyaret\u00e7inin IP adresini ve taray\u0131c\u0131 kullan\u0131c\u0131 arac\u0131s\u0131 dizesini de toplar\u0131z.<\/span><\/p>\n<p><span style=\"font-weight: 400;\"><br><\/span><span style=\"font-weight: 400;\">E-posta adresinizden olu\u015fturulan anonimle\u015ftirilmi\u015f bir dize (hash olarak da adland\u0131r\u0131l\u0131r), kullan\u0131p kullanmad\u0131\u011f\u0131n\u0131z\u0131 g\u00f6rmek i\u00e7in Gravatar hizmetine sa\u011flanabilir. Gravatar hizmeti gizlilik politikas\u0131na buradan ula\u015fabilirsiniz: <\/span><a href=\"https:\/\/automattic.com\/privacy\/\"> <span style=\"font-weight: 400;\">https:\/\/automattic.com\/privacy\/<\/span><\/a><span style=\"font-weight: 400;\">. Yorumunuzun onaylanmas\u0131n\u0131n ard\u0131ndan, profil resminiz yorumunuz ba\u011flam\u0131nda herkese g\u00f6r\u00fcn\u00fcr. <\/span><\/p>\n<h5><span style=\"font-weight: 400;\"><br><\/span><b>Medya<\/b><\/h5>\n<p><b><br><\/b><span style=\"font-weight: 400;\">Web sitesine resim y\u00fckl\u00fcyorsan\u0131z, g\u00f6m\u00fcl\u00fc konum verileri (EXIF GPS) i\u00e7eren resimleri y\u00fcklemekten ka\u00e7\u0131nmal\u0131s\u0131n\u0131z. Web sitesinin ziyaret\u00e7ileri, web sitesindeki g\u00f6r\u00fcnt\u00fclerden herhangi bir konum verisini indirebilir ve \u00e7\u0131karabilir. <\/span><\/p>\n<h5><span style=\"font-weight: 400;\"><br><\/span><b>\u00c7erezler<\/b><\/h5>\n<p><b><br><\/b><span style=\"font-weight: 400;\">Sitemize bir yorum b\u0131rak\u0131rsan\u0131z, ad\u0131n\u0131z\u0131, e-posta adresinizi ve web sitenizi \u00e7erezlere kaydetmeyi se\u00e7ebilirsiniz. Bunlar size kolayl\u0131k sa\u011flamak i\u00e7indir, b\u00f6ylece ba\u015fka bir yorum b\u0131rakt\u0131\u011f\u0131n\u0131zda bilgilerinizi tekrar doldurman\u0131z gerekmez. Bu \u00e7erezler bir y\u0131l boyunca saklanacakt\u0131r.  <\/span><\/p>\n<p><span style=\"font-weight: 400;\"><br><\/span><span style=\"font-weight: 400;\">Giri\u015f sayfam\u0131z\u0131 ziyaret ederseniz, taray\u0131c\u0131n\u0131z\u0131n \u00e7erezleri kabul edip etmedi\u011fini belirlemek i\u00e7in ge\u00e7ici bir \u00e7erez ayarlayaca\u011f\u0131z. Bu \u00e7erez hi\u00e7bir ki\u015fisel veri i\u00e7ermez ve taray\u0131c\u0131n\u0131z\u0131 kapatt\u0131\u011f\u0131n\u0131zda at\u0131l\u0131r. <\/span><\/p>\n<p><span style=\"font-weight: 400;\"><br><\/span><span style=\"font-weight: 400;\">Oturum a\u00e7t\u0131\u011f\u0131n\u0131zda, oturum a\u00e7ma bilgilerinizi ve ekran g\u00f6r\u00fcnt\u00fcleme se\u00e7imlerinizi kaydetmek i\u00e7in birka\u00e7 \u00e7erez de olu\u015fturaca\u011f\u0131z. Oturum a\u00e7ma \u00e7erezleri iki g\u00fcn, ekran se\u00e7enekleri \u00e7erezleri ise bir y\u0131l boyunca kal\u0131r. &#8220;Beni Hat\u0131rla&#8221; se\u00e7ene\u011fini se\u00e7erseniz, giri\u015f bilgileriniz iki hafta boyunca saklanacakt\u0131r. Hesab\u0131n\u0131zdan \u00e7\u0131k\u0131\u015f yaparsan\u0131z, giri\u015f \u00e7erezleri kald\u0131r\u0131lacakt\u0131r.   <\/span><\/p>\n<p><span style=\"font-weight: 400;\"><br><\/span><span style=\"font-weight: 400;\">Bir makaleyi d\u00fczenledi\u011finizde veya yay\u0131nlad\u0131\u011f\u0131n\u0131zda, taray\u0131c\u0131n\u0131za ek bir \u00e7erez kaydedilecektir. Bu \u00e7erez hi\u00e7bir ki\u015fisel veri i\u00e7ermez ve sadece d\u00fczenledi\u011finiz makalenin g\u00f6nderi kimli\u011fini g\u00f6sterir. Bir g\u00fcn sonra sona erer.  <\/span><\/p>\n<h5><span style=\"font-weight: 400;\"><br><\/span><b>Di\u011fer web sitelerinden g\u00f6m\u00fcl\u00fc i\u00e7erik<\/b><\/h5>\n<p><b><br><\/b><span style=\"font-weight: 400;\">Bu sitedeki makaleler g\u00f6m\u00fcl\u00fc i\u00e7erik (\u00f6r. videolar, resimler, makaleler, vb.) i\u00e7erebilir. Di\u011fer web sitelerinden gelen g\u00f6m\u00fcl\u00fc i\u00e7erik, ziyaret\u00e7i di\u011fer web sitesini ziyaret etmi\u015f gibi ayn\u0131 \u015fekilde davran\u0131r. <\/span><\/p>\n<p><span style=\"font-weight: 400;\"><br><\/span><span style=\"font-weight: 400;\">Bu web siteleri hakk\u0131n\u0131zda veri toplayabilir, \u00e7erez kullanabilir, ek \u00fc\u00e7\u00fcnc\u00fc taraf takibi yerle\u015ftirebilir ve bir hesab\u0131n\u0131z varsa ve s\u00f6z konusu web sitesinde oturum a\u00e7t\u0131ysan\u0131z yerle\u015ftirilen i\u00e7erikle etkile\u015fiminizi izlemek de dahil olmak \u00fczere bu yerle\u015ftirilen i\u00e7erikle etkile\u015fiminizi izleyebilir.<\/span><\/p>\n<h5><span style=\"font-weight: 400;\"><br><\/span><b>Verilerinizi kimlerle payla\u015f\u0131yoruz<\/b><\/h5>\n<p><b><br><\/b><span style=\"font-weight: 400;\">Parola s\u0131f\u0131rlama talebinde bulunursan\u0131z, IP adresiniz s\u0131f\u0131rlama e-postas\u0131na dahil edilecektir.<\/span><\/p>\n<h5><span style=\"font-weight: 400;\"><br><\/span><b>Verilerinizi ne kadar s\u00fcreyle sakl\u0131yoruz<\/b><\/h5>\n<p><b><br><\/b><span style=\"font-weight: 400;\">Bir yorum b\u0131rak\u0131rsan\u0131z, yorum ve meta verileri s\u00fcresiz olarak saklan\u0131r. Bunun nedeni, takip eden yorumlar\u0131 bir moderasyon kuyru\u011funda tutmak yerine otomatik olarak tan\u0131y\u0131p onaylayabilmemizdir. <\/span><\/p>\n<p><span style=\"font-weight: 400;\"><br><\/span><span style=\"font-weight: 400;\">Web sitemize kaydolan kullan\u0131c\u0131lar i\u00e7in (varsa), sa\u011flad\u0131klar\u0131 ki\u015fisel bilgileri kullan\u0131c\u0131 profillerinde de saklar\u0131z. T\u00fcm kullan\u0131c\u0131lar ki\u015fisel bilgilerini istedikleri zaman g\u00f6rebilir, d\u00fczenleyebilir veya silebilirler (kullan\u0131c\u0131 adlar\u0131n\u0131 de\u011fi\u015ftiremezler hari\u00e7). Web sitesi y\u00f6neticileri \u015funlar\u0131 yapabilir  <\/span><\/p>\t\t\t\t\t\t\t\t<\/div>\n\t\t\t\t<\/div>\n\t\t\t\t\t<\/div>\n\t\t\t\t<\/div>\n\t\t\t\t<\/div>\n\t\t","protected":false},"excerpt":{"rendered":"<p>Sizin rahat\u0131n\u0131z bizim uzmanl\u0131\u011f\u0131m\u0131zd\u0131r. Yeni bir g\u00fcl\u00fcmsemeye giden yolculu\u011funuza bizimle ba\u015flay\u0131n. <\/p>\n","protected":false},"author":1,"featured_media":2794,"parent":0,"menu_order":0,"comment_status":"closed","ping_status":"open","template":"","meta":{"footnotes":""},"class_list":["post-6836","page","type-page","status-publish","has-post-thumbnail","hentry"],"blocksy_meta":[],"yoast_head":"<!-- This site is optimized with the Yoast SEO plugin v27.4 - https:\/\/yoast.com\/product\/yoast-seo-wordpress\/ -->\n<title>Gizlilik Politikas\u0131 | Blue Medical Plus<\/title>\n<meta name=\"description\" content=\"Your comfort is our expertise. Begin your journey to a new smile with us.\" \/>\n<meta name=\"robots\" content=\"index, follow, max-snippet:-1, max-image-preview:large, max-video-preview:-1\" \/>\n<link rel=\"canonical\" href=\"https:\/\/bluemedicalplus.com\/tr\/gizlilik-politikasi\/\" \/>\n<meta property=\"og:locale\" content=\"tr_TR\" \/>\n<meta property=\"og:type\" content=\"article\" \/>\n<meta property=\"og:title\" content=\"Gizlilik Politikas\u0131\" \/>\n<meta property=\"og:description\" content=\"Sizin rahat\u0131n\u0131z bizim uzmanl\u0131\u011f\u0131m\u0131zd\u0131r. Yeni bir g\u00fcl\u00fcmsemeye giden yolculu\u011funuza bizimle ba\u015flay\u0131n.\" \/>\n<meta property=\"og:url\" content=\"https:\/\/bluemedicalplus.com\/tr\/gizlilik-politikasi\/\" \/>\n<meta property=\"og:site_name\" content=\"Blue Medical Plus\" \/>\n<meta property=\"article:publisher\" content=\"https:\/\/www.facebook.com\/bluemedicalplus\" \/>\n<meta property=\"article:modified_time\" content=\"2025-02-19T18:51:02+00:00\" \/>\n<meta property=\"og:image\" content=\"https:\/\/bluemedicalplus.com\/wp-content\/uploads\/2025\/01\/seo-cover-1024x575.jpg\" \/>\n<meta name=\"twitter:card\" content=\"summary_large_image\" \/>\n<meta name=\"twitter:title\" content=\"Gizlilik Politikas\u0131\" \/>\n<meta name=\"twitter:description\" content=\"Sizin rahat\u0131n\u0131z bizim uzmanl\u0131\u011f\u0131m\u0131zd\u0131r. Yeni bir g\u00fcl\u00fcmsemeye giden yolculu\u011funuza bizimle ba\u015flay\u0131n.\" \/>\n<meta name=\"twitter:image\" content=\"https:\/\/bluemedicalplus.com\/wp-content\/uploads\/2025\/01\/seo-cover-1024x575.jpg\" \/>\n<meta name=\"twitter:site\" content=\"@bluemedicalplus\" \/>\n<meta name=\"twitter:label1\" content=\"Tahmini okuma s\u00fcresi\" \/>\n\t<meta name=\"twitter:data1\" content=\"3 dakika\" \/>\n<script type=\"application\/ld+json\" class=\"yoast-schema-graph\">{\"@context\":\"https:\\\/\\\/schema.org\",\"@graph\":[{\"@type\":\"WebPage\",\"@id\":\"https:\\\/\\\/bluemedicalplus.com\\\/tr\\\/gizlilik-politikasi\\\/\",\"url\":\"https:\\\/\\\/bluemedicalplus.com\\\/tr\\\/gizlilik-politikasi\\\/\",\"name\":\"Gizlilik Politikas\u0131 | Blue Medical Plus\",\"isPartOf\":{\"@id\":\"https:\\\/\\\/bluemedicalplus.com\\\/tr\\\/#website\"},\"primaryImageOfPage\":{\"@id\":\"https:\\\/\\\/bluemedicalplus.com\\\/tr\\\/gizlilik-politikasi\\\/#primaryimage\"},\"image\":{\"@id\":\"https:\\\/\\\/bluemedicalplus.com\\\/tr\\\/gizlilik-politikasi\\\/#primaryimage\"},\"thumbnailUrl\":\"https:\\\/\\\/bluemedicalplus.com\\\/wp-content\\\/uploads\\\/2025\\\/01\\\/seo-cover.jpg\",\"datePublished\":\"2025-01-11T21:47:42+00:00\",\"dateModified\":\"2025-02-19T18:51:02+00:00\",\"description\":\"Your comfort is our expertise. Begin your journey to a new smile with us.\",\"breadcrumb\":{\"@id\":\"https:\\\/\\\/bluemedicalplus.com\\\/tr\\\/gizlilik-politikasi\\\/#breadcrumb\"},\"inLanguage\":\"tr\",\"potentialAction\":[{\"@type\":\"ReadAction\",\"target\":[\"https:\\\/\\\/bluemedicalplus.com\\\/tr\\\/gizlilik-politikasi\\\/\"]}]},{\"@type\":\"ImageObject\",\"inLanguage\":\"tr\",\"@id\":\"https:\\\/\\\/bluemedicalplus.com\\\/tr\\\/gizlilik-politikasi\\\/#primaryimage\",\"url\":\"https:\\\/\\\/bluemedicalplus.com\\\/wp-content\\\/uploads\\\/2025\\\/01\\\/seo-cover.jpg\",\"contentUrl\":\"https:\\\/\\\/bluemedicalplus.com\\\/wp-content\\\/uploads\\\/2025\\\/01\\\/seo-cover.jpg\",\"width\":1068,\"height\":600},{\"@type\":\"BreadcrumbList\",\"@id\":\"https:\\\/\\\/bluemedicalplus.com\\\/tr\\\/gizlilik-politikasi\\\/#breadcrumb\",\"itemListElement\":[{\"@type\":\"ListItem\",\"position\":1,\"name\":\"Home\",\"item\":\"https:\\\/\\\/bluemedicalplus.com\\\/tr\\\/\"},{\"@type\":\"ListItem\",\"position\":2,\"name\":\"Gizlilik Politikas\u0131\"}]},{\"@type\":\"WebSite\",\"@id\":\"https:\\\/\\\/bluemedicalplus.com\\\/tr\\\/#website\",\"url\":\"https:\\\/\\\/bluemedicalplus.com\\\/tr\\\/\",\"name\":\"Blue Medical Plus\",\"description\":\"Your comfort is our expertise.\",\"publisher\":{\"@id\":\"https:\\\/\\\/bluemedicalplus.com\\\/tr\\\/#organization\"},\"potentialAction\":[{\"@type\":\"SearchAction\",\"target\":{\"@type\":\"EntryPoint\",\"urlTemplate\":\"https:\\\/\\\/bluemedicalplus.com\\\/tr\\\/?s={search_term_string}\"},\"query-input\":{\"@type\":\"PropertyValueSpecification\",\"valueRequired\":true,\"valueName\":\"search_term_string\"}}],\"inLanguage\":\"tr\"},{\"@type\":\"Organization\",\"@id\":\"https:\\\/\\\/bluemedicalplus.com\\\/tr\\\/#organization\",\"name\":\"Blue Medical Plus\",\"url\":\"https:\\\/\\\/bluemedicalplus.com\\\/tr\\\/\",\"logo\":{\"@type\":\"ImageObject\",\"inLanguage\":\"tr\",\"@id\":\"https:\\\/\\\/bluemedicalplus.com\\\/tr\\\/#\\\/schema\\\/logo\\\/image\\\/\",\"url\":\"https:\\\/\\\/bluemedicalplus.com\\\/wp-content\\\/uploads\\\/2025\\\/02\\\/BLUE-MEDICAL-PLUS-LOGO-PRO-01.jpg\",\"contentUrl\":\"https:\\\/\\\/bluemedicalplus.com\\\/wp-content\\\/uploads\\\/2025\\\/02\\\/BLUE-MEDICAL-PLUS-LOGO-PRO-01.jpg\",\"width\":1080,\"height\":1080,\"caption\":\"Blue Medical Plus\"},\"image\":{\"@id\":\"https:\\\/\\\/bluemedicalplus.com\\\/tr\\\/#\\\/schema\\\/logo\\\/image\\\/\"},\"sameAs\":[\"https:\\\/\\\/www.facebook.com\\\/bluemedicalplus\",\"https:\\\/\\\/x.com\\\/bluemedicalplus\",\"https:\\\/\\\/www.instagram.com\\\/bluemedicalplus\\\/\",\"https:\\\/\\\/www.youtube.com\\\/@bluemedicalplus\\\/\",\"https:\\\/\\\/www.tiktok.com\\\/@bluemedicalplus\",\"https:\\\/\\\/www.linkedin.com\\\/company\\\/bluemedicalplus\\\/\",\"https:\\\/\\\/maps.app.goo.gl\\\/FCFymS45oCzDY5Ez9\",\"https:\\\/\\\/yandex.com\\\/harita\\\/org\\\/blue_medical_plus\\\/89481695370\\\/\"]}]}<\/script>\n<!-- \/ Yoast SEO plugin. -->","yoast_head_json":{"title":"Gizlilik Politikas\u0131 | Blue Medical Plus","description":"Your comfort is our expertise. Begin your journey to a new smile with us.","robots":{"index":"index","follow":"follow","max-snippet":"max-snippet:-1","max-image-preview":"max-image-preview:large","max-video-preview":"max-video-preview:-1"},"canonical":"https:\/\/bluemedicalplus.com\/tr\/gizlilik-politikasi\/","og_locale":"tr_TR","og_type":"article","og_title":"Gizlilik Politikas\u0131","og_description":"Sizin rahat\u0131n\u0131z bizim uzmanl\u0131\u011f\u0131m\u0131zd\u0131r. Yeni bir g\u00fcl\u00fcmsemeye giden yolculu\u011funuza bizimle ba\u015flay\u0131n.","og_url":"https:\/\/bluemedicalplus.com\/tr\/gizlilik-politikasi\/","og_site_name":"Blue Medical Plus","article_publisher":"https:\/\/www.facebook.com\/bluemedicalplus","article_modified_time":"2025-02-19T18:51:02+00:00","og_image":[{"url":"https:\/\/bluemedicalplus.com\/wp-content\/uploads\/2025\/01\/seo-cover-1024x575.jpg","type":"","width":"","height":""}],"twitter_card":"summary_large_image","twitter_title":"Gizlilik Politikas\u0131","twitter_description":"Sizin rahat\u0131n\u0131z bizim uzmanl\u0131\u011f\u0131m\u0131zd\u0131r. Yeni bir g\u00fcl\u00fcmsemeye giden yolculu\u011funuza bizimle ba\u015flay\u0131n.","twitter_image":"https:\/\/bluemedicalplus.com\/wp-content\/uploads\/2025\/01\/seo-cover-1024x575.jpg","twitter_site":"@bluemedicalplus","twitter_misc":{"Tahmini okuma s\u00fcresi":"3 dakika"},"schema":{"@context":"https:\/\/schema.org","@graph":[{"@type":"WebPage","@id":"https:\/\/bluemedicalplus.com\/tr\/gizlilik-politikasi\/","url":"https:\/\/bluemedicalplus.com\/tr\/gizlilik-politikasi\/","name":"Gizlilik Politikas\u0131 | Blue Medical Plus","isPartOf":{"@id":"https:\/\/bluemedicalplus.com\/tr\/#website"},"primaryImageOfPage":{"@id":"https:\/\/bluemedicalplus.com\/tr\/gizlilik-politikasi\/#primaryimage"},"image":{"@id":"https:\/\/bluemedicalplus.com\/tr\/gizlilik-politikasi\/#primaryimage"},"thumbnailUrl":"https:\/\/bluemedicalplus.com\/wp-content\/uploads\/2025\/01\/seo-cover.jpg","datePublished":"2025-01-11T21:47:42+00:00","dateModified":"2025-02-19T18:51:02+00:00","description":"Your comfort is our expertise. Begin your journey to a new smile with us.","breadcrumb":{"@id":"https:\/\/bluemedicalplus.com\/tr\/gizlilik-politikasi\/#breadcrumb"},"inLanguage":"tr","potentialAction":[{"@type":"ReadAction","target":["https:\/\/bluemedicalplus.com\/tr\/gizlilik-politikasi\/"]}]},{"@type":"ImageObject","inLanguage":"tr","@id":"https:\/\/bluemedicalplus.com\/tr\/gizlilik-politikasi\/#primaryimage","url":"https:\/\/bluemedicalplus.com\/wp-content\/uploads\/2025\/01\/seo-cover.jpg","contentUrl":"https:\/\/bluemedicalplus.com\/wp-content\/uploads\/2025\/01\/seo-cover.jpg","width":1068,"height":600},{"@type":"BreadcrumbList","@id":"https:\/\/bluemedicalplus.com\/tr\/gizlilik-politikasi\/#breadcrumb","itemListElement":[{"@type":"ListItem","position":1,"name":"Home","item":"https:\/\/bluemedicalplus.com\/tr\/"},{"@type":"ListItem","position":2,"name":"Gizlilik Politikas\u0131"}]},{"@type":"WebSite","@id":"https:\/\/bluemedicalplus.com\/tr\/#website","url":"https:\/\/bluemedicalplus.com\/tr\/","name":"Blue Medical Plus","description":"Your comfort is our expertise.","publisher":{"@id":"https:\/\/bluemedicalplus.com\/tr\/#organization"},"potentialAction":[{"@type":"SearchAction","target":{"@type":"EntryPoint","urlTemplate":"https:\/\/bluemedicalplus.com\/tr\/?s={search_term_string}"},"query-input":{"@type":"PropertyValueSpecification","valueRequired":true,"valueName":"search_term_string"}}],"inLanguage":"tr"},{"@type":"Organization","@id":"https:\/\/bluemedicalplus.com\/tr\/#organization","name":"Blue Medical Plus","url":"https:\/\/bluemedicalplus.com\/tr\/","logo":{"@type":"ImageObject","inLanguage":"tr","@id":"https:\/\/bluemedicalplus.com\/tr\/#\/schema\/logo\/image\/","url":"https:\/\/bluemedicalplus.com\/wp-content\/uploads\/2025\/02\/BLUE-MEDICAL-PLUS-LOGO-PRO-01.jpg","contentUrl":"https:\/\/bluemedicalplus.com\/wp-content\/uploads\/2025\/02\/BLUE-MEDICAL-PLUS-LOGO-PRO-01.jpg","width":1080,"height":1080,"caption":"Blue Medical Plus"},"image":{"@id":"https:\/\/bluemedicalplus.com\/tr\/#\/schema\/logo\/image\/"},"sameAs":["https:\/\/www.facebook.com\/bluemedicalplus","https:\/\/x.com\/bluemedicalplus","https:\/\/www.instagram.com\/bluemedicalplus\/","https:\/\/www.youtube.com\/@bluemedicalplus\/","https:\/\/www.tiktok.com\/@bluemedicalplus","https:\/\/www.linkedin.com\/company\/bluemedicalplus\/","https:\/\/maps.app.goo.gl\/FCFymS45oCzDY5Ez9","https:\/\/yandex.com\/harita\/org\/blue_medical_plus\/89481695370\/"]}]}},"_links":{"self":[{"href":"https:\/\/bluemedicalplus.com\/tr\/wp-json\/wp\/v2\/pages\/6836","targetHints":{"allow":["GET"]}}],"collection":[{"href":"https:\/\/bluemedicalplus.com\/tr\/wp-json\/wp\/v2\/pages"}],"about":[{"href":"https:\/\/bluemedicalplus.com\/tr\/wp-json\/wp\/v2\/types\/page"}],"author":[{"embeddable":true,"href":"https:\/\/bluemedicalplus.com\/tr\/wp-json\/wp\/v2\/users\/1"}],"replies":[{"embeddable":true,"href":"https:\/\/bluemedicalplus.com\/tr\/wp-json\/wp\/v2\/comments?post=6836"}],"version-history":[{"count":10,"href":"https:\/\/bluemedicalplus.com\/tr\/wp-json\/wp\/v2\/pages\/6836\/revisions"}],"predecessor-version":[{"id":6867,"href":"https:\/\/bluemedicalplus.com\/tr\/wp-json\/wp\/v2\/pages\/6836\/revisions\/6867"}],"wp:featuredmedia":[{"embeddable":true,"href":"https:\/\/bluemedicalplus.com\/tr\/wp-json\/wp\/v2\/media\/2794"}],"wp:attachment":[{"href":"https:\/\/bluemedicalplus.com\/tr\/wp-json\/wp\/v2\/media?parent=6836"}],"curies":[{"name":"wp","href":"https:\/\/api.w.org\/{rel}","templated":true}]}}