{"id":6882,"date":"2025-02-02T15:06:01","date_gmt":"2025-02-02T15:06:01","guid":{"rendered":"https:\/\/bluemedicalplus.com\/conditions-generales-dutilisation\/"},"modified":"2025-02-19T18:51:16","modified_gmt":"2025-02-19T18:51:16","slug":"conditions-generales-dutilisation","status":"publish","type":"page","link":"https:\/\/bluemedicalplus.com\/fr\/conditions-generales-dutilisation\/","title":{"rendered":"Conditions g\u00e9n\u00e9rales d&rsquo;utilisation"},"content":{"rendered":"\t\t<div data-elementor-type=\"wp-page\" data-elementor-id=\"6882\" class=\"elementor elementor-6882 elementor-2374\" data-elementor-post-type=\"page\">\n\t\t\t\t<div class=\"elementor-element elementor-element-43d22fb9 e-flex e-con-boxed e-con e-parent\" data-id=\"43d22fb9\" data-element_type=\"container\" data-e-type=\"container\">\n\t\t\t\t\t<div class=\"e-con-inner\">\n\t\t\t\t<div class=\"elementor-element elementor-element-62f2aff1 elementor-widget elementor-widget-text-editor\" data-id=\"62f2aff1\" data-element_type=\"widget\" data-e-type=\"widget\" data-widget_type=\"text-editor.default\">\n\t\t\t\t<div class=\"elementor-widget-container\">\n\t\t\t\t\t\t\t\t\t<h5><b>Conditions g\u00e9n\u00e9rales d&rsquo;utilisation<\/b><\/h5>\n<p><span style=\"font-weight: 400;\">Derni\u00e8re mise \u00e0 jour : 02\/02\/2025<\/span><\/p>\n<h5><b>Introduction<\/b><\/h5>\n<p><span style=\"font-weight: 400;\">Bienvenue sur Blue Medical, un site sp\u00e9cialis\u00e9 dans les services de tourisme m\u00e9dical. En utilisant ce site, vous vous engagez \u00e0 respecter les pr\u00e9sentes conditions g\u00e9n\u00e9rales. Veuillez les lire attentivement.  <\/span><\/p>\n<h5><b>D\u00e9finitions<\/b><\/h5>\n<p><span style=\"font-weight: 400;\">Entreprise : Blue Medical Plus, dont le si\u00e8ge est en Turquie.<\/span><\/p>\n<p><span style=\"font-weight: 400;\">Site : Site de l&rsquo;entreprise<\/span><a href=\"https:\/\/bluemedicalplus.com\"> <span style=\"font-weight: 400;\">https:\/\/bluemedicalplus.com<\/span><\/a><span style=\"font-weight: 400;\">.<\/span><\/p>\n<p><span style=\"font-weight: 400;\">Utilisateur : toute personne visitant ou utilisant le site.<\/span><\/p>\n<p><span style=\"font-weight: 400;\"> <\/span><\/p>\n<h5><b>Utilisation du site<\/b><\/h5>\n<p><span style=\"font-weight: 400;\">Les utilisateurs ne doivent utiliser le site qu&rsquo;\u00e0 des fins l\u00e9gales et licites.<\/span><\/p>\n<p><span style=\"font-weight: 400;\">Il est interdit aux utilisateurs de violer les droits de propri\u00e9t\u00e9 intellectuelle ou d&rsquo;abuser du site de quelque mani\u00e8re que ce soit.<\/span><\/p>\n<p><span style=\"font-weight: 400;\">Les utilisateurs doivent pr\u00e9server la confidentialit\u00e9 des informations relatives \u00e0 leur compte et ne pas partager leurs mots de passe avec d&rsquo;autres personnes.<\/span><\/p>\n<h5><b>Services aux entreprises<\/b><\/h5>\n<p><span style=\"font-weight: 400;\">L&rsquo;entreprise propose des services de tourisme m\u00e9dical, notamment des consultations m\u00e9dicales, des prises de rendez-vous, des h\u00e9bergements, des services de transport et d&rsquo;autres services connexes.<\/span><\/p>\n<p><span style=\"font-weight: 400;\">Les utilisateurs doivent se conformer aux conditions de r\u00e9servation et de paiement sp\u00e9cifi\u00e9es sur le site.<\/span><\/p>\n<p><span style=\"font-weight: 400;\">Les utilisateurs peuvent annuler les r\u00e9servations conform\u00e9ment \u00e0 la politique d&rsquo;annulation de l&rsquo;entreprise.<\/span><\/p>\n<h5><b>Responsabilit\u00e9 juridique<\/b><\/h5>\n<p><span style=\"font-weight: 400;\">La soci\u00e9t\u00e9 n&rsquo;est pas responsable des dommages r\u00e9sultant de l&rsquo;utilisation du site ou de la confiance accord\u00e9e aux informations fournies.<\/span><\/p>\n<p><span style=\"font-weight: 400;\">L&rsquo;entreprise fournit les informations sur le site \u00ab\u00a0en l&rsquo;\u00e9tat\u00a0\u00bb, sans aucune garantie.<\/span><\/p>\n<h5><b>Droits de propri\u00e9t\u00e9 intellectuelle<\/b><\/h5>\n<p><span style=\"font-weight: 400;\">Tout le contenu disponible sur le site (textes, images, logos, etc.) est la propri\u00e9t\u00e9 exclusive de la soci\u00e9t\u00e9.<\/span><\/p>\n<p><span style=\"font-weight: 400;\">Il est interdit d&rsquo;utiliser le contenu \u00e0 des fins commerciales sans l&rsquo;autorisation \u00e9crite pr\u00e9alable de l&rsquo;entreprise.<\/span><\/p>\n<h5><b>Vie priv\u00e9e et protection des donn\u00e9es<\/b><\/h5>\n<p><span style=\"font-weight: 400;\">Notre politique de confidentialit\u00e9 est soumise aux lois turques sur la protection des donn\u00e9es.<\/span><\/p>\n<p><span style=\"font-weight: 400;\">Nous collectons et utilisons les donn\u00e9es personnelles conform\u00e9ment \u00e0 notre politique de confidentialit\u00e9, que vous pouvez consulter ici (Politique de confidentialit\u00e9).<\/span><\/p>\n<h5><b>Lois applicables<\/b><\/h5>\n<p><span style=\"font-weight: 400;\">Les pr\u00e9sentes conditions g\u00e9n\u00e9rales sont r\u00e9gies par les lois de la R\u00e9publique de Turquie.<\/span><\/p>\n<p><span style=\"font-weight: 400;\">Tout litige r\u00e9sultant de l&rsquo;utilisation du site sera r\u00e9gl\u00e9 devant les tribunaux turcs.<\/span><\/p>\n<p><span style=\"font-weight: 400;\">Modifications des conditions g\u00e9n\u00e9rales<\/span><span style=\"font-weight: 400;\"><br><\/span><span style=\"font-weight: 400;\">L&rsquo;entreprise se r\u00e9serve le droit de modifier les pr\u00e9sentes conditions g\u00e9n\u00e9rales \u00e0 tout moment.<\/span><\/p>\n<p><span style=\"font-weight: 400;\">Les utilisateurs seront inform\u00e9s de toute modification par le biais du site ou par courrier \u00e9lectronique.<\/span><\/p>\n<h5><b>Contact<\/b><\/h5>\n<p><span style=\"font-weight: 400;\">Pour toute question ou plainte, veuillez nous contacter \u00e0 l&rsquo;adresse suivante :<\/span><\/p>\n<p><a href=\"mailto:info@bluemedicalplus.com\"><span style=\"font-weight: 400;\">info@bluemedicalplus.com<\/span><\/a><\/p>\n<p><a href=\"tel:+905528007000\"><span style=\"font-weight: 400;\">+90 552 800 70 00<\/span><\/a><\/p>\n<p><a href=\"https:\/\/wa.me\/905528007000\"><span style=\"font-weight: 400;\">https:\/\/wa.me\/905528007000<\/span><\/a><\/p>\n<p><a href=\"https:\/\/maps.app.goo.gl\/ePFKsc3KmZMAai9P6\"><span style=\"font-weight: 400;\">Atakent, 4. Cd. No:36, 34307 K\u00fc\u00e7\u00fck\u00e7ekmece\/\u0130stanbul  <\/span><\/a><\/p>\n<h5><b>R\u00e9servation et paiement<\/b><\/h5>\n<p><span style=\"font-weight: 400;\">Les utilisateurs doivent fournir des informations exactes et compl\u00e8tes lorsqu&rsquo;ils r\u00e9servent l&rsquo;un de nos services.<\/span><\/p>\n<p><span style=\"font-weight: 400;\">Le paiement doit \u00eatre effectu\u00e9 par le biais des moyens sp\u00e9cifi\u00e9s sur le site et doit \u00eatre r\u00e9alis\u00e9 avant que les services ne soient rendus.<\/span><\/p>\n<p><span style=\"font-weight: 400;\">Des frais suppl\u00e9mentaires peuvent s&rsquo;appliquer en cas de modification ou d&rsquo;annulation apr\u00e8s la r\u00e9servation.<\/span><\/p>\n<h5><b>Obligations de l&rsquo;utilisateur<\/b><\/h5>\n<p><span style=\"font-weight: 400;\">Il incombe aux utilisateurs de s&rsquo;assurer de la validit\u00e9 de leur passeport et de leur visa et de proc\u00e9der aux examens m\u00e9dicaux n\u00e9cessaires.<\/span><\/p>\n<p><span style=\"font-weight: 400;\">Les utilisateurs doivent suivre toutes les instructions et directives m\u00e9dicales fournies par l&rsquo;entreprise ou ses prestataires de services.<\/span><\/p>\n<h5><b>Clause de non-responsabilit\u00e9<\/b><\/h5>\n<p><span style=\"font-weight: 400;\">L&rsquo;entreprise ne garantit pas les r\u00e9sultats du traitement ni la satisfaction totale des services fournis.<\/span><\/p>\n<p><span style=\"font-weight: 400;\">La compagnie n&rsquo;est pas responsable des retards ou des annulations dus \u00e0 des circonstances ind\u00e9pendantes de sa volont\u00e9, telles que des catastrophes naturelles ou des \u00e9v\u00e9nements impr\u00e9vus.<\/span><\/p>\n<h5><b>Liens externes<\/b><\/h5>\n<p><span style=\"font-weight: 400;\">Le site peut contenir des liens vers des sites web externes non contr\u00f4l\u00e9s par l&rsquo;entreprise. L&rsquo;entreprise n&rsquo;est pas responsable du contenu ou des politiques de confidentialit\u00e9 de ces sites. <\/span><\/p>\n<h5><b>Cessation de l&rsquo;utilisation<\/b><\/h5>\n<p><span style=\"font-weight: 400;\">L&rsquo;entreprise se r\u00e9serve le droit de r\u00e9silier ou de suspendre l&rsquo;acc\u00e8s de tout utilisateur au site \u00e0 tout moment et sans pr\u00e9avis en cas de violation des pr\u00e9sentes conditions g\u00e9n\u00e9rales.<\/span><\/p>\n<p> <\/p>\t\t\t\t\t\t\t\t<\/div>\n\t\t\t\t<\/div>\n\t\t\t\t\t<\/div>\n\t\t\t\t<\/div>\n\t\t\t\t<\/div>\n\t\t","protected":false},"excerpt":{"rendered":"<p>Votre confort est notre expertise. Commencez votre voyage vers un nouveau sourire avec nous. <\/p>\n","protected":false},"author":1,"featured_media":2793,"parent":0,"menu_order":0,"comment_status":"closed","ping_status":"closed","template":"","meta":{"footnotes":""},"class_list":["post-6882","page","type-page","status-publish","has-post-thumbnail","hentry"],"blocksy_meta":[],"yoast_head":"<!-- This site is optimized with the Yoast SEO plugin v27.3 - https:\/\/yoast.com\/product\/yoast-seo-wordpress\/ -->\n<title>Conditions g\u00e9n\u00e9rales d&#039;utilisation | Blue Medical Plus<\/title>\n<meta name=\"description\" content=\"Your comfort is our expertise. Begin your journey to a new smile with us.\" \/>\n<meta name=\"robots\" content=\"index, follow, max-snippet:-1, max-image-preview:large, max-video-preview:-1\" \/>\n<link rel=\"canonical\" href=\"https:\/\/bluemedicalplus.com\/fr\/conditions-generales-dutilisation\/\" \/>\n<meta property=\"og:locale\" content=\"fr_FR\" \/>\n<meta property=\"og:type\" content=\"article\" \/>\n<meta property=\"og:title\" content=\"Conditions g\u00e9n\u00e9rales d&#039;utilisation\" \/>\n<meta property=\"og:description\" content=\"Votre confort est notre expertise. Commencez votre voyage vers un nouveau sourire avec nous.\" \/>\n<meta property=\"og:url\" content=\"https:\/\/bluemedicalplus.com\/fr\/conditions-generales-dutilisation\/\" \/>\n<meta property=\"og:site_name\" content=\"Blue Medical Plus\" \/>\n<meta property=\"article:publisher\" content=\"https:\/\/www.facebook.com\/bluemedicalplus\" \/>\n<meta property=\"article:modified_time\" content=\"2025-02-19T18:51:16+00:00\" \/>\n<meta property=\"og:image\" content=\"https:\/\/bluemedicalplus.com\/wp-content\/uploads\/2025\/01\/seo-cover-1024x575.jpg\" \/>\n<meta name=\"twitter:card\" content=\"summary_large_image\" \/>\n<meta name=\"twitter:title\" content=\"Conditions g\u00e9n\u00e9rales d&#039;utilisation\" \/>\n<meta name=\"twitter:description\" content=\"Votre confort est notre expertise. Commencez votre voyage vers un nouveau sourire avec nous.\" \/>\n<meta name=\"twitter:image\" content=\"https:\/\/bluemedicalplus.com\/wp-content\/uploads\/2025\/01\/seo-cover-1024x575.jpg\" \/>\n<meta name=\"twitter:site\" content=\"@bluemedicalplus\" \/>\n<meta name=\"twitter:label1\" content=\"Dur\u00e9e de lecture estim\u00e9e\" \/>\n\t<meta name=\"twitter:data1\" content=\"3 minutes\" \/>\n<script type=\"application\/ld+json\" class=\"yoast-schema-graph\">{\"@context\":\"https:\\\/\\\/schema.org\",\"@graph\":[{\"@type\":\"WebPage\",\"@id\":\"https:\\\/\\\/bluemedicalplus.com\\\/fr\\\/conditions-generales-dutilisation\\\/\",\"url\":\"https:\\\/\\\/bluemedicalplus.com\\\/fr\\\/conditions-generales-dutilisation\\\/\",\"name\":\"Conditions g\u00e9n\u00e9rales d'utilisation | Blue Medical Plus\",\"isPartOf\":{\"@id\":\"https:\\\/\\\/bluemedicalplus.com\\\/fr\\\/#website\"},\"primaryImageOfPage\":{\"@id\":\"https:\\\/\\\/bluemedicalplus.com\\\/fr\\\/conditions-generales-dutilisation\\\/#primaryimage\"},\"image\":{\"@id\":\"https:\\\/\\\/bluemedicalplus.com\\\/fr\\\/conditions-generales-dutilisation\\\/#primaryimage\"},\"thumbnailUrl\":\"https:\\\/\\\/bluemedicalplus.com\\\/wp-content\\\/uploads\\\/2025\\\/01\\\/seo-cover.jpg\",\"datePublished\":\"2025-02-02T15:06:01+00:00\",\"dateModified\":\"2025-02-19T18:51:16+00:00\",\"description\":\"Your comfort is our expertise. Begin your journey to a new smile with us.\",\"breadcrumb\":{\"@id\":\"https:\\\/\\\/bluemedicalplus.com\\\/fr\\\/conditions-generales-dutilisation\\\/#breadcrumb\"},\"inLanguage\":\"fr-FR\",\"potentialAction\":[{\"@type\":\"ReadAction\",\"target\":[\"https:\\\/\\\/bluemedicalplus.com\\\/fr\\\/conditions-generales-dutilisation\\\/\"]}]},{\"@type\":\"ImageObject\",\"inLanguage\":\"fr-FR\",\"@id\":\"https:\\\/\\\/bluemedicalplus.com\\\/fr\\\/conditions-generales-dutilisation\\\/#primaryimage\",\"url\":\"https:\\\/\\\/bluemedicalplus.com\\\/wp-content\\\/uploads\\\/2025\\\/01\\\/seo-cover.jpg\",\"contentUrl\":\"https:\\\/\\\/bluemedicalplus.com\\\/wp-content\\\/uploads\\\/2025\\\/01\\\/seo-cover.jpg\",\"width\":1068,\"height\":600},{\"@type\":\"BreadcrumbList\",\"@id\":\"https:\\\/\\\/bluemedicalplus.com\\\/fr\\\/conditions-generales-dutilisation\\\/#breadcrumb\",\"itemListElement\":[{\"@type\":\"ListItem\",\"position\":1,\"name\":\"Home\",\"item\":\"https:\\\/\\\/bluemedicalplus.com\\\/fr\\\/\"},{\"@type\":\"ListItem\",\"position\":2,\"name\":\"Conditions g\u00e9n\u00e9rales d&#8217;utilisation\"}]},{\"@type\":\"WebSite\",\"@id\":\"https:\\\/\\\/bluemedicalplus.com\\\/fr\\\/#website\",\"url\":\"https:\\\/\\\/bluemedicalplus.com\\\/fr\\\/\",\"name\":\"Blue Medical Plus\",\"description\":\"Your comfort is our expertise.\",\"publisher\":{\"@id\":\"https:\\\/\\\/bluemedicalplus.com\\\/fr\\\/#organization\"},\"potentialAction\":[{\"@type\":\"SearchAction\",\"target\":{\"@type\":\"EntryPoint\",\"urlTemplate\":\"https:\\\/\\\/bluemedicalplus.com\\\/fr\\\/?s={search_term_string}\"},\"query-input\":{\"@type\":\"PropertyValueSpecification\",\"valueRequired\":true,\"valueName\":\"search_term_string\"}}],\"inLanguage\":\"fr-FR\"},{\"@type\":\"Organization\",\"@id\":\"https:\\\/\\\/bluemedicalplus.com\\\/fr\\\/#organization\",\"name\":\"Blue Medical Plus\",\"url\":\"https:\\\/\\\/bluemedicalplus.com\\\/fr\\\/\",\"logo\":{\"@type\":\"ImageObject\",\"inLanguage\":\"fr-FR\",\"@id\":\"https:\\\/\\\/bluemedicalplus.com\\\/fr\\\/#\\\/schema\\\/logo\\\/image\\\/\",\"url\":\"https:\\\/\\\/bluemedicalplus.com\\\/wp-content\\\/uploads\\\/2025\\\/02\\\/BLUE-MEDICAL-PLUS-LOGO-PRO-01.jpg\",\"contentUrl\":\"https:\\\/\\\/bluemedicalplus.com\\\/wp-content\\\/uploads\\\/2025\\\/02\\\/BLUE-MEDICAL-PLUS-LOGO-PRO-01.jpg\",\"width\":1080,\"height\":1080,\"caption\":\"Blue Medical Plus\"},\"image\":{\"@id\":\"https:\\\/\\\/bluemedicalplus.com\\\/fr\\\/#\\\/schema\\\/logo\\\/image\\\/\"},\"sameAs\":[\"https:\\\/\\\/www.facebook.com\\\/bluemedicalplus\",\"https:\\\/\\\/x.com\\\/bluemedicalplus\",\"https:\\\/\\\/www.instagram.com\\\/bluemedicalplus\\\/\",\"https:\\\/\\\/www.youtube.com\\\/@bluemedicalplus\\\/\",\"https:\\\/\\\/www.tiktok.com\\\/@bluemedicalplus\",\"https:\\\/\\\/www.linkedin.com\\\/company\\\/bluemedicalplus\\\/\",\"https:\\\/\\\/maps.app.goo.gl\\\/FCFymS45oCzDY5Ez9\",\"https:\\\/\\\/yandex.com\\\/harita\\\/org\\\/blue_medical_plus\\\/89481695370\\\/\"]}]}<\/script>\n<!-- \/ Yoast SEO plugin. -->","yoast_head_json":{"title":"Conditions g\u00e9n\u00e9rales d'utilisation | Blue Medical Plus","description":"Your comfort is our expertise. Begin your journey to a new smile with us.","robots":{"index":"index","follow":"follow","max-snippet":"max-snippet:-1","max-image-preview":"max-image-preview:large","max-video-preview":"max-video-preview:-1"},"canonical":"https:\/\/bluemedicalplus.com\/fr\/conditions-generales-dutilisation\/","og_locale":"fr_FR","og_type":"article","og_title":"Conditions g\u00e9n\u00e9rales d'utilisation","og_description":"Votre confort est notre expertise. Commencez votre voyage vers un nouveau sourire avec nous.","og_url":"https:\/\/bluemedicalplus.com\/fr\/conditions-generales-dutilisation\/","og_site_name":"Blue Medical Plus","article_publisher":"https:\/\/www.facebook.com\/bluemedicalplus","article_modified_time":"2025-02-19T18:51:16+00:00","og_image":[{"url":"https:\/\/bluemedicalplus.com\/wp-content\/uploads\/2025\/01\/seo-cover-1024x575.jpg","type":"","width":"","height":""}],"twitter_card":"summary_large_image","twitter_title":"Conditions g\u00e9n\u00e9rales d'utilisation","twitter_description":"Votre confort est notre expertise. Commencez votre voyage vers un nouveau sourire avec nous.","twitter_image":"https:\/\/bluemedicalplus.com\/wp-content\/uploads\/2025\/01\/seo-cover-1024x575.jpg","twitter_site":"@bluemedicalplus","twitter_misc":{"Dur\u00e9e de lecture estim\u00e9e":"3 minutes"},"schema":{"@context":"https:\/\/schema.org","@graph":[{"@type":"WebPage","@id":"https:\/\/bluemedicalplus.com\/fr\/conditions-generales-dutilisation\/","url":"https:\/\/bluemedicalplus.com\/fr\/conditions-generales-dutilisation\/","name":"Conditions g\u00e9n\u00e9rales d'utilisation | Blue Medical Plus","isPartOf":{"@id":"https:\/\/bluemedicalplus.com\/fr\/#website"},"primaryImageOfPage":{"@id":"https:\/\/bluemedicalplus.com\/fr\/conditions-generales-dutilisation\/#primaryimage"},"image":{"@id":"https:\/\/bluemedicalplus.com\/fr\/conditions-generales-dutilisation\/#primaryimage"},"thumbnailUrl":"https:\/\/bluemedicalplus.com\/wp-content\/uploads\/2025\/01\/seo-cover.jpg","datePublished":"2025-02-02T15:06:01+00:00","dateModified":"2025-02-19T18:51:16+00:00","description":"Your comfort is our expertise. Begin your journey to a new smile with us.","breadcrumb":{"@id":"https:\/\/bluemedicalplus.com\/fr\/conditions-generales-dutilisation\/#breadcrumb"},"inLanguage":"fr-FR","potentialAction":[{"@type":"ReadAction","target":["https:\/\/bluemedicalplus.com\/fr\/conditions-generales-dutilisation\/"]}]},{"@type":"ImageObject","inLanguage":"fr-FR","@id":"https:\/\/bluemedicalplus.com\/fr\/conditions-generales-dutilisation\/#primaryimage","url":"https:\/\/bluemedicalplus.com\/wp-content\/uploads\/2025\/01\/seo-cover.jpg","contentUrl":"https:\/\/bluemedicalplus.com\/wp-content\/uploads\/2025\/01\/seo-cover.jpg","width":1068,"height":600},{"@type":"BreadcrumbList","@id":"https:\/\/bluemedicalplus.com\/fr\/conditions-generales-dutilisation\/#breadcrumb","itemListElement":[{"@type":"ListItem","position":1,"name":"Home","item":"https:\/\/bluemedicalplus.com\/fr\/"},{"@type":"ListItem","position":2,"name":"Conditions g\u00e9n\u00e9rales d&#8217;utilisation"}]},{"@type":"WebSite","@id":"https:\/\/bluemedicalplus.com\/fr\/#website","url":"https:\/\/bluemedicalplus.com\/fr\/","name":"Blue Medical Plus","description":"Your comfort is our expertise.","publisher":{"@id":"https:\/\/bluemedicalplus.com\/fr\/#organization"},"potentialAction":[{"@type":"SearchAction","target":{"@type":"EntryPoint","urlTemplate":"https:\/\/bluemedicalplus.com\/fr\/?s={search_term_string}"},"query-input":{"@type":"PropertyValueSpecification","valueRequired":true,"valueName":"search_term_string"}}],"inLanguage":"fr-FR"},{"@type":"Organization","@id":"https:\/\/bluemedicalplus.com\/fr\/#organization","name":"Blue Medical Plus","url":"https:\/\/bluemedicalplus.com\/fr\/","logo":{"@type":"ImageObject","inLanguage":"fr-FR","@id":"https:\/\/bluemedicalplus.com\/fr\/#\/schema\/logo\/image\/","url":"https:\/\/bluemedicalplus.com\/wp-content\/uploads\/2025\/02\/BLUE-MEDICAL-PLUS-LOGO-PRO-01.jpg","contentUrl":"https:\/\/bluemedicalplus.com\/wp-content\/uploads\/2025\/02\/BLUE-MEDICAL-PLUS-LOGO-PRO-01.jpg","width":1080,"height":1080,"caption":"Blue Medical Plus"},"image":{"@id":"https:\/\/bluemedicalplus.com\/fr\/#\/schema\/logo\/image\/"},"sameAs":["https:\/\/www.facebook.com\/bluemedicalplus","https:\/\/x.com\/bluemedicalplus","https:\/\/www.instagram.com\/bluemedicalplus\/","https:\/\/www.youtube.com\/@bluemedicalplus\/","https:\/\/www.tiktok.com\/@bluemedicalplus","https:\/\/www.linkedin.com\/company\/bluemedicalplus\/","https:\/\/maps.app.goo.gl\/FCFymS45oCzDY5Ez9","https:\/\/yandex.com\/harita\/org\/blue_medical_plus\/89481695370\/"]}]}},"_links":{"self":[{"href":"https:\/\/bluemedicalplus.com\/fr\/wp-json\/wp\/v2\/pages\/6882","targetHints":{"allow":["GET"]}}],"collection":[{"href":"https:\/\/bluemedicalplus.com\/fr\/wp-json\/wp\/v2\/pages"}],"about":[{"href":"https:\/\/bluemedicalplus.com\/fr\/wp-json\/wp\/v2\/types\/page"}],"author":[{"embeddable":true,"href":"https:\/\/bluemedicalplus.com\/fr\/wp-json\/wp\/v2\/users\/1"}],"replies":[{"embeddable":true,"href":"https:\/\/bluemedicalplus.com\/fr\/wp-json\/wp\/v2\/comments?post=6882"}],"version-history":[{"count":2,"href":"https:\/\/bluemedicalplus.com\/fr\/wp-json\/wp\/v2\/pages\/6882\/revisions"}],"predecessor-version":[{"id":6884,"href":"https:\/\/bluemedicalplus.com\/fr\/wp-json\/wp\/v2\/pages\/6882\/revisions\/6884"}],"wp:featuredmedia":[{"embeddable":true,"href":"https:\/\/bluemedicalplus.com\/fr\/wp-json\/wp\/v2\/media\/2793"}],"wp:attachment":[{"href":"https:\/\/bluemedicalplus.com\/fr\/wp-json\/wp\/v2\/media?parent=6882"}],"curies":[{"name":"wp","href":"https:\/\/api.w.org\/{rel}","templated":true}]}}