{"id":6851,"date":"2025-01-11T21:47:42","date_gmt":"2025-01-11T21:47:42","guid":{"rendered":"https:\/\/bluemedicalplus.com\/politique-de-confidentialite\/"},"modified":"2025-02-19T18:51:03","modified_gmt":"2025-02-19T18:51:03","slug":"politique-de-confidentialite","status":"publish","type":"page","link":"https:\/\/bluemedicalplus.com\/fr\/politique-de-confidentialite\/","title":{"rendered":"Politique de confidentialit\u00e9"},"content":{"rendered":"\t\t<div data-elementor-type=\"wp-page\" data-elementor-id=\"6851\" class=\"elementor elementor-6851 elementor-3\" data-elementor-post-type=\"page\">\n\t\t\t\t<div class=\"elementor-element elementor-element-43d22fb9 e-flex e-con-boxed e-con e-parent\" data-id=\"43d22fb9\" data-element_type=\"container\" data-e-type=\"container\">\n\t\t\t\t\t<div class=\"e-con-inner\">\n\t\t\t\t<div class=\"elementor-element elementor-element-62f2aff1 elementor-widget elementor-widget-text-editor\" data-id=\"62f2aff1\" data-element_type=\"widget\" data-e-type=\"widget\" data-widget_type=\"text-editor.default\">\n\t\t\t\t<div class=\"elementor-widget-container\">\n\t\t\t\t\t\t\t\t\t\n<h5><b>Derni\u00e8re mise \u00e0 jour : 03\/02\/2025<\/b><\/h5>\n<h5><b>Qui sommes-nous ?<\/b><\/h5>\n<p><b> <br><\/b><span style=\"font-weight: 400;\">L&rsquo;adresse de notre site web est la suivante :<\/span><a href=\"https:\/\/bluemedicalplus.com\">  <span style=\"font-weight: 400;\">https:\/\/bluemedicalplus.com<\/span><\/a><\/p>\n<h5><span style=\"font-weight: 400;\"><br><\/span><b>Commentaires<\/b><\/h5>\n<p><b><br><\/b><span style=\"font-weight: 400;\">Lorsque les visiteurs laissent des commentaires sur le site, nous recueillons les donn\u00e9es figurant dans le formulaire de commentaires, ainsi que l&rsquo;adresse IP du visiteur et la cha\u00eene de l&rsquo;agent utilisateur du navigateur, afin de faciliter la d\u00e9tection des spams.<\/span><\/p>\n<p><span style=\"font-weight: 400;\"><br><\/span><span style=\"font-weight: 400;\">Une cha\u00eene anonyme cr\u00e9\u00e9e \u00e0 partir de votre adresse \u00e9lectronique (\u00e9galement appel\u00e9e \u00ab\u00a0hash\u00a0\u00bb) peut \u00eatre fournie au service Gravatar pour v\u00e9rifier si vous l&rsquo;utilisez. La politique de confidentialit\u00e9 du service Gravatar est disponible ici : <\/span><a href=\"https:\/\/automattic.com\/privacy\/\"> <span style=\"font-weight: 400;\">https:\/\/automattic.com\/privacy\/<\/span><\/a><span style=\"font-weight: 400;\">. Apr\u00e8s approbation de votre commentaire, votre photo de profil est visible par le public dans le contexte de votre commentaire. <\/span><\/p>\n<h5><span style=\"font-weight: 400;\"><br><\/span><b>Les m\u00e9dias<\/b><\/h5>\n<p><b><br><\/b><span style=\"font-weight: 400;\">Si vous t\u00e9l\u00e9chargez des images sur le site web, vous devez \u00e9viter de t\u00e9l\u00e9charger des images contenant des donn\u00e9es de localisation int\u00e9gr\u00e9es (EXIF GPS). Les visiteurs du site web peuvent t\u00e9l\u00e9charger et extraire toutes les donn\u00e9es de localisation des images sur le site web. <\/span><\/p>\n<h5><span style=\"font-weight: 400;\"><br><\/span><b>Cookies<\/b><\/h5>\n<p><b><br><\/b><span style=\"font-weight: 400;\">Si vous laissez un commentaire sur notre site, vous pouvez choisir d&rsquo;enregistrer votre nom, votre adresse \u00e9lectronique et votre site web dans des cookies. Ces cookies sont destin\u00e9s \u00e0 vous faciliter la t\u00e2che, de sorte que vous n&rsquo;ayez pas \u00e0 fournir \u00e0 nouveau vos coordonn\u00e9es lorsque vous laissez un autre commentaire. Ces cookies ont une dur\u00e9e de vie d&rsquo;un an.  <\/span><\/p>\n<p><span style=\"font-weight: 400;\"><br><\/span><span style=\"font-weight: 400;\">Si vous visitez notre page de connexion, nous installerons un cookie temporaire pour d\u00e9terminer si votre navigateur accepte les cookies. Ce cookie ne contient aucune donn\u00e9e personnelle et est supprim\u00e9 lorsque vous fermez votre navigateur. <\/span><\/p>\n<p><span style=\"font-weight: 400;\"><br><\/span><span style=\"font-weight: 400;\">Lorsque vous vous connectez, nous installons \u00e9galement plusieurs cookies pour enregistrer vos informations de connexion et vos choix d&rsquo;affichage \u00e0 l&rsquo;\u00e9cran. Les cookies de connexion ont une dur\u00e9e de vie de deux jours et les cookies d&rsquo;options d&rsquo;\u00e9cran ont une dur\u00e9e de vie d&rsquo;un an.  Si vous s\u00e9lectionnez \u00ab\u00a0Se souvenir de moi\u00a0\u00bb, votre connexion sera conserv\u00e9e pendant deux semaines. Si vous vous d\u00e9connectez de votre compte, les cookies de connexion seront supprim\u00e9s.<\/span><\/p>\n<p><span style=\"font-weight: 400;\"><br><\/span><span style=\"font-weight: 400;\">Si vous modifiez ou publiez un article, un cookie suppl\u00e9mentaire sera enregistr\u00e9 dans votre navigateur. Ce cookie ne contient aucune donn\u00e9e personnelle et indique simplement l&rsquo;identifiant de l&rsquo;article que vous venez de modifier. Il expire au bout d&rsquo;un jour.<\/span><\/p>\n<h5><span style=\"font-weight: 400;\"><br><\/span><b>Contenu int\u00e9gr\u00e9 d&rsquo;autres sites web<\/b><\/h5>\n<p><b><br><\/b><span style=\"font-weight: 400;\">Les articles de ce site peuvent contenir du contenu int\u00e9gr\u00e9 (par exemple des vid\u00e9os, des images, des articles, etc.). Le contenu incorpor\u00e9 provenant d&rsquo;autres sites web se comporte exactement de la m\u00eame mani\u00e8re que si le visiteur avait visit\u00e9 l&rsquo;autre site web.<\/span><\/p>\n<p><span style=\"font-weight: 400;\"><br><\/span><span style=\"font-weight: 400;\">Ces sites web peuvent collecter des donn\u00e9es vous concernant, utiliser des cookies, int\u00e9grer un suivi suppl\u00e9mentaire par des tiers et surveiller votre interaction avec ce contenu int\u00e9gr\u00e9, y compris votre interaction avec le contenu int\u00e9gr\u00e9 si vous avez un compte et que vous \u00eates connect\u00e9 \u00e0 ce site web.<\/span><\/p>\n<h5><span style=\"font-weight: 400;\"><br><\/span><b>Avec qui partageons-nous vos donn\u00e9es ?<\/b><\/h5>\n<p><b><br><\/b><span style=\"font-weight: 400;\">Si vous demandez une r\u00e9initialisation de votre mot de passe, votre adresse IP sera incluse dans l&rsquo;e-mail de r\u00e9initialisation.<\/span><\/p>\n<h5><span style=\"font-weight: 400;\"><br><\/span><b>Dur\u00e9e de conservation de vos donn\u00e9es<\/b><\/h5>\n<p><b><br><\/b><span style=\"font-weight: 400;\">Si vous laissez un commentaire, celui-ci et ses m\u00e9tadonn\u00e9es sont conserv\u00e9s ind\u00e9finiment. Cela nous permet de reconna\u00eetre et d&rsquo;approuver automatiquement les commentaires de suivi au lieu de les garder dans une file d&rsquo;attente de mod\u00e9ration.<\/span><\/p>\n<p><span style=\"font-weight: 400;\"><br><\/span><span style=\"font-weight: 400;\">Pour les utilisateurs qui s&rsquo;inscrivent sur notre site web (le cas \u00e9ch\u00e9ant), nous stockons \u00e9galement les informations personnelles qu&rsquo;ils fournissent dans leur profil d&rsquo;utilisateur. Tous les utilisateurs peuvent consulter, modifier ou supprimer leurs informations personnelles \u00e0 tout moment (sauf qu&rsquo;ils ne peuvent pas changer leur nom d&rsquo;utilisateur). Les administrateurs de sites web peuvent<\/span><\/p>\t\t\t\t\t\t\t\t<\/div>\n\t\t\t\t<\/div>\n\t\t\t\t\t<\/div>\n\t\t\t\t<\/div>\n\t\t\t\t<\/div>\n\t\t","protected":false},"excerpt":{"rendered":"<p>Votre confort est notre expertise. Commencez votre voyage vers un nouveau sourire avec nous. <\/p>\n","protected":false},"author":1,"featured_media":2793,"parent":0,"menu_order":0,"comment_status":"closed","ping_status":"open","template":"","meta":{"footnotes":""},"class_list":["post-6851","page","type-page","status-publish","has-post-thumbnail","hentry"],"blocksy_meta":[],"yoast_head":"<!-- This site is optimized with the Yoast SEO plugin v27.4 - https:\/\/yoast.com\/product\/yoast-seo-wordpress\/ -->\n<title>Politique de confidentialit\u00e9 | Blue Medical Plus<\/title>\n<meta name=\"description\" content=\"Your comfort is our expertise. Begin your journey to a new smile with us.\" \/>\n<meta name=\"robots\" content=\"index, follow, max-snippet:-1, max-image-preview:large, max-video-preview:-1\" \/>\n<link rel=\"canonical\" href=\"https:\/\/bluemedicalplus.com\/fr\/politique-de-confidentialite\/\" \/>\n<meta property=\"og:locale\" content=\"fr_FR\" \/>\n<meta property=\"og:type\" content=\"article\" \/>\n<meta property=\"og:title\" content=\"Politique de confidentialit\u00e9\" \/>\n<meta property=\"og:description\" content=\"Votre confort est notre expertise. Commencez votre voyage vers un nouveau sourire avec nous.\" \/>\n<meta property=\"og:url\" content=\"https:\/\/bluemedicalplus.com\/fr\/politique-de-confidentialite\/\" \/>\n<meta property=\"og:site_name\" content=\"Blue Medical Plus\" \/>\n<meta property=\"article:publisher\" content=\"https:\/\/www.facebook.com\/bluemedicalplus\" \/>\n<meta property=\"article:modified_time\" content=\"2025-02-19T18:51:03+00:00\" \/>\n<meta property=\"og:image\" content=\"https:\/\/bluemedicalplus.com\/wp-content\/uploads\/2025\/01\/seo-cover-1024x575.jpg\" \/>\n<meta name=\"twitter:card\" content=\"summary_large_image\" \/>\n<meta name=\"twitter:title\" content=\"Politique de confidentialit\u00e9\" \/>\n<meta name=\"twitter:description\" content=\"Votre confort est notre expertise. Commencez votre voyage vers un nouveau sourire avec nous.\" \/>\n<meta name=\"twitter:image\" content=\"https:\/\/bluemedicalplus.com\/wp-content\/uploads\/2025\/01\/seo-cover-1024x575.jpg\" \/>\n<meta name=\"twitter:site\" content=\"@bluemedicalplus\" \/>\n<meta name=\"twitter:label1\" content=\"Dur\u00e9e de lecture estim\u00e9e\" \/>\n\t<meta name=\"twitter:data1\" content=\"3 minutes\" \/>\n<script type=\"application\/ld+json\" class=\"yoast-schema-graph\">{\"@context\":\"https:\\\/\\\/schema.org\",\"@graph\":[{\"@type\":\"WebPage\",\"@id\":\"https:\\\/\\\/bluemedicalplus.com\\\/fr\\\/politique-de-confidentialite\\\/\",\"url\":\"https:\\\/\\\/bluemedicalplus.com\\\/fr\\\/politique-de-confidentialite\\\/\",\"name\":\"Politique de confidentialit\u00e9 | Blue Medical Plus\",\"isPartOf\":{\"@id\":\"https:\\\/\\\/bluemedicalplus.com\\\/fr\\\/#website\"},\"primaryImageOfPage\":{\"@id\":\"https:\\\/\\\/bluemedicalplus.com\\\/fr\\\/politique-de-confidentialite\\\/#primaryimage\"},\"image\":{\"@id\":\"https:\\\/\\\/bluemedicalplus.com\\\/fr\\\/politique-de-confidentialite\\\/#primaryimage\"},\"thumbnailUrl\":\"https:\\\/\\\/bluemedicalplus.com\\\/wp-content\\\/uploads\\\/2025\\\/01\\\/seo-cover.jpg\",\"datePublished\":\"2025-01-11T21:47:42+00:00\",\"dateModified\":\"2025-02-19T18:51:03+00:00\",\"description\":\"Your comfort is our expertise. Begin your journey to a new smile with us.\",\"breadcrumb\":{\"@id\":\"https:\\\/\\\/bluemedicalplus.com\\\/fr\\\/politique-de-confidentialite\\\/#breadcrumb\"},\"inLanguage\":\"fr-FR\",\"potentialAction\":[{\"@type\":\"ReadAction\",\"target\":[\"https:\\\/\\\/bluemedicalplus.com\\\/fr\\\/politique-de-confidentialite\\\/\"]}]},{\"@type\":\"ImageObject\",\"inLanguage\":\"fr-FR\",\"@id\":\"https:\\\/\\\/bluemedicalplus.com\\\/fr\\\/politique-de-confidentialite\\\/#primaryimage\",\"url\":\"https:\\\/\\\/bluemedicalplus.com\\\/wp-content\\\/uploads\\\/2025\\\/01\\\/seo-cover.jpg\",\"contentUrl\":\"https:\\\/\\\/bluemedicalplus.com\\\/wp-content\\\/uploads\\\/2025\\\/01\\\/seo-cover.jpg\",\"width\":1068,\"height\":600},{\"@type\":\"BreadcrumbList\",\"@id\":\"https:\\\/\\\/bluemedicalplus.com\\\/fr\\\/politique-de-confidentialite\\\/#breadcrumb\",\"itemListElement\":[{\"@type\":\"ListItem\",\"position\":1,\"name\":\"Home\",\"item\":\"https:\\\/\\\/bluemedicalplus.com\\\/fr\\\/\"},{\"@type\":\"ListItem\",\"position\":2,\"name\":\"Politique de confidentialit\u00e9\"}]},{\"@type\":\"WebSite\",\"@id\":\"https:\\\/\\\/bluemedicalplus.com\\\/fr\\\/#website\",\"url\":\"https:\\\/\\\/bluemedicalplus.com\\\/fr\\\/\",\"name\":\"Blue Medical Plus\",\"description\":\"Your comfort is our expertise.\",\"publisher\":{\"@id\":\"https:\\\/\\\/bluemedicalplus.com\\\/fr\\\/#organization\"},\"potentialAction\":[{\"@type\":\"SearchAction\",\"target\":{\"@type\":\"EntryPoint\",\"urlTemplate\":\"https:\\\/\\\/bluemedicalplus.com\\\/fr\\\/?s={search_term_string}\"},\"query-input\":{\"@type\":\"PropertyValueSpecification\",\"valueRequired\":true,\"valueName\":\"search_term_string\"}}],\"inLanguage\":\"fr-FR\"},{\"@type\":\"Organization\",\"@id\":\"https:\\\/\\\/bluemedicalplus.com\\\/fr\\\/#organization\",\"name\":\"Blue Medical Plus\",\"url\":\"https:\\\/\\\/bluemedicalplus.com\\\/fr\\\/\",\"logo\":{\"@type\":\"ImageObject\",\"inLanguage\":\"fr-FR\",\"@id\":\"https:\\\/\\\/bluemedicalplus.com\\\/fr\\\/#\\\/schema\\\/logo\\\/image\\\/\",\"url\":\"https:\\\/\\\/bluemedicalplus.com\\\/wp-content\\\/uploads\\\/2025\\\/02\\\/BLUE-MEDICAL-PLUS-LOGO-PRO-01.jpg\",\"contentUrl\":\"https:\\\/\\\/bluemedicalplus.com\\\/wp-content\\\/uploads\\\/2025\\\/02\\\/BLUE-MEDICAL-PLUS-LOGO-PRO-01.jpg\",\"width\":1080,\"height\":1080,\"caption\":\"Blue Medical Plus\"},\"image\":{\"@id\":\"https:\\\/\\\/bluemedicalplus.com\\\/fr\\\/#\\\/schema\\\/logo\\\/image\\\/\"},\"sameAs\":[\"https:\\\/\\\/www.facebook.com\\\/bluemedicalplus\",\"https:\\\/\\\/x.com\\\/bluemedicalplus\",\"https:\\\/\\\/www.instagram.com\\\/bluemedicalplus\\\/\",\"https:\\\/\\\/www.youtube.com\\\/@bluemedicalplus\\\/\",\"https:\\\/\\\/www.tiktok.com\\\/@bluemedicalplus\",\"https:\\\/\\\/www.linkedin.com\\\/company\\\/bluemedicalplus\\\/\",\"https:\\\/\\\/maps.app.goo.gl\\\/FCFymS45oCzDY5Ez9\",\"https:\\\/\\\/yandex.com\\\/harita\\\/org\\\/blue_medical_plus\\\/89481695370\\\/\"]}]}<\/script>\n<!-- \/ Yoast SEO plugin. -->","yoast_head_json":{"title":"Politique de confidentialit\u00e9 | Blue Medical Plus","description":"Your comfort is our expertise. Begin your journey to a new smile with us.","robots":{"index":"index","follow":"follow","max-snippet":"max-snippet:-1","max-image-preview":"max-image-preview:large","max-video-preview":"max-video-preview:-1"},"canonical":"https:\/\/bluemedicalplus.com\/fr\/politique-de-confidentialite\/","og_locale":"fr_FR","og_type":"article","og_title":"Politique de confidentialit\u00e9","og_description":"Votre confort est notre expertise. Commencez votre voyage vers un nouveau sourire avec nous.","og_url":"https:\/\/bluemedicalplus.com\/fr\/politique-de-confidentialite\/","og_site_name":"Blue Medical Plus","article_publisher":"https:\/\/www.facebook.com\/bluemedicalplus","article_modified_time":"2025-02-19T18:51:03+00:00","og_image":[{"url":"https:\/\/bluemedicalplus.com\/wp-content\/uploads\/2025\/01\/seo-cover-1024x575.jpg","type":"","width":"","height":""}],"twitter_card":"summary_large_image","twitter_title":"Politique de confidentialit\u00e9","twitter_description":"Votre confort est notre expertise. Commencez votre voyage vers un nouveau sourire avec nous.","twitter_image":"https:\/\/bluemedicalplus.com\/wp-content\/uploads\/2025\/01\/seo-cover-1024x575.jpg","twitter_site":"@bluemedicalplus","twitter_misc":{"Dur\u00e9e de lecture estim\u00e9e":"3 minutes"},"schema":{"@context":"https:\/\/schema.org","@graph":[{"@type":"WebPage","@id":"https:\/\/bluemedicalplus.com\/fr\/politique-de-confidentialite\/","url":"https:\/\/bluemedicalplus.com\/fr\/politique-de-confidentialite\/","name":"Politique de confidentialit\u00e9 | Blue Medical Plus","isPartOf":{"@id":"https:\/\/bluemedicalplus.com\/fr\/#website"},"primaryImageOfPage":{"@id":"https:\/\/bluemedicalplus.com\/fr\/politique-de-confidentialite\/#primaryimage"},"image":{"@id":"https:\/\/bluemedicalplus.com\/fr\/politique-de-confidentialite\/#primaryimage"},"thumbnailUrl":"https:\/\/bluemedicalplus.com\/wp-content\/uploads\/2025\/01\/seo-cover.jpg","datePublished":"2025-01-11T21:47:42+00:00","dateModified":"2025-02-19T18:51:03+00:00","description":"Your comfort is our expertise. Begin your journey to a new smile with us.","breadcrumb":{"@id":"https:\/\/bluemedicalplus.com\/fr\/politique-de-confidentialite\/#breadcrumb"},"inLanguage":"fr-FR","potentialAction":[{"@type":"ReadAction","target":["https:\/\/bluemedicalplus.com\/fr\/politique-de-confidentialite\/"]}]},{"@type":"ImageObject","inLanguage":"fr-FR","@id":"https:\/\/bluemedicalplus.com\/fr\/politique-de-confidentialite\/#primaryimage","url":"https:\/\/bluemedicalplus.com\/wp-content\/uploads\/2025\/01\/seo-cover.jpg","contentUrl":"https:\/\/bluemedicalplus.com\/wp-content\/uploads\/2025\/01\/seo-cover.jpg","width":1068,"height":600},{"@type":"BreadcrumbList","@id":"https:\/\/bluemedicalplus.com\/fr\/politique-de-confidentialite\/#breadcrumb","itemListElement":[{"@type":"ListItem","position":1,"name":"Home","item":"https:\/\/bluemedicalplus.com\/fr\/"},{"@type":"ListItem","position":2,"name":"Politique de confidentialit\u00e9"}]},{"@type":"WebSite","@id":"https:\/\/bluemedicalplus.com\/fr\/#website","url":"https:\/\/bluemedicalplus.com\/fr\/","name":"Blue Medical Plus","description":"Your comfort is our expertise.","publisher":{"@id":"https:\/\/bluemedicalplus.com\/fr\/#organization"},"potentialAction":[{"@type":"SearchAction","target":{"@type":"EntryPoint","urlTemplate":"https:\/\/bluemedicalplus.com\/fr\/?s={search_term_string}"},"query-input":{"@type":"PropertyValueSpecification","valueRequired":true,"valueName":"search_term_string"}}],"inLanguage":"fr-FR"},{"@type":"Organization","@id":"https:\/\/bluemedicalplus.com\/fr\/#organization","name":"Blue Medical Plus","url":"https:\/\/bluemedicalplus.com\/fr\/","logo":{"@type":"ImageObject","inLanguage":"fr-FR","@id":"https:\/\/bluemedicalplus.com\/fr\/#\/schema\/logo\/image\/","url":"https:\/\/bluemedicalplus.com\/wp-content\/uploads\/2025\/02\/BLUE-MEDICAL-PLUS-LOGO-PRO-01.jpg","contentUrl":"https:\/\/bluemedicalplus.com\/wp-content\/uploads\/2025\/02\/BLUE-MEDICAL-PLUS-LOGO-PRO-01.jpg","width":1080,"height":1080,"caption":"Blue Medical Plus"},"image":{"@id":"https:\/\/bluemedicalplus.com\/fr\/#\/schema\/logo\/image\/"},"sameAs":["https:\/\/www.facebook.com\/bluemedicalplus","https:\/\/x.com\/bluemedicalplus","https:\/\/www.instagram.com\/bluemedicalplus\/","https:\/\/www.youtube.com\/@bluemedicalplus\/","https:\/\/www.tiktok.com\/@bluemedicalplus","https:\/\/www.linkedin.com\/company\/bluemedicalplus\/","https:\/\/maps.app.goo.gl\/FCFymS45oCzDY5Ez9","https:\/\/yandex.com\/harita\/org\/blue_medical_plus\/89481695370\/"]}]}},"_links":{"self":[{"href":"https:\/\/bluemedicalplus.com\/fr\/wp-json\/wp\/v2\/pages\/6851","targetHints":{"allow":["GET"]}}],"collection":[{"href":"https:\/\/bluemedicalplus.com\/fr\/wp-json\/wp\/v2\/pages"}],"about":[{"href":"https:\/\/bluemedicalplus.com\/fr\/wp-json\/wp\/v2\/types\/page"}],"author":[{"embeddable":true,"href":"https:\/\/bluemedicalplus.com\/fr\/wp-json\/wp\/v2\/users\/1"}],"replies":[{"embeddable":true,"href":"https:\/\/bluemedicalplus.com\/fr\/wp-json\/wp\/v2\/comments?post=6851"}],"version-history":[{"count":6,"href":"https:\/\/bluemedicalplus.com\/fr\/wp-json\/wp\/v2\/pages\/6851\/revisions"}],"predecessor-version":[{"id":6872,"href":"https:\/\/bluemedicalplus.com\/fr\/wp-json\/wp\/v2\/pages\/6851\/revisions\/6872"}],"wp:featuredmedia":[{"embeddable":true,"href":"https:\/\/bluemedicalplus.com\/fr\/wp-json\/wp\/v2\/media\/2793"}],"wp:attachment":[{"href":"https:\/\/bluemedicalplus.com\/fr\/wp-json\/wp\/v2\/media?parent=6851"}],"curies":[{"name":"wp","href":"https:\/\/api.w.org\/{rel}","templated":true}]}}