{"id":6785,"date":"2024-02-10T13:43:18","date_gmt":"2024-02-10T13:43:18","guid":{"rendered":"https:\/\/bluemedicalplus.com\/contactez-nous\/"},"modified":"2026-04-01T22:52:27","modified_gmt":"2026-04-01T22:52:27","slug":"contactez-nous","status":"publish","type":"page","link":"https:\/\/bluemedicalplus.com\/fr\/contactez-nous\/","title":{"rendered":"Contactez nous"},"content":{"rendered":"\t\t<div data-elementor-type=\"wp-page\" data-elementor-id=\"6785\" class=\"elementor elementor-6785 elementor-1038\" data-elementor-post-type=\"page\">\n\t\t\t\t<div class=\"elementor-element elementor-element-f0303d7 e-flex e-con-boxed e-con e-parent\" data-id=\"f0303d7\" data-element_type=\"container\" data-e-type=\"container\">\n\t\t\t\t\t<div class=\"e-con-inner\">\n\t\t<div class=\"elementor-element elementor-element-f08fd59 e-flex e-con-boxed e-con e-child\" data-id=\"f08fd59\" data-element_type=\"container\" data-e-type=\"container\" data-settings=\"{&quot;background_background&quot;:&quot;classic&quot;}\">\n\t\t\t\t\t<div class=\"e-con-inner\">\n\t\t<div class=\"elementor-element elementor-element-45e5ca8 e-con-full e-flex e-con e-child\" data-id=\"45e5ca8\" data-element_type=\"container\" data-e-type=\"container\">\n\t\t\t\t<div class=\"elementor-element elementor-element-e088fca elementor-widget elementor-widget-shortcode\" data-id=\"e088fca\" data-element_type=\"widget\" data-e-type=\"widget\" data-widget_type=\"shortcode.default\">\n\t\t\t\t<div class=\"elementor-widget-container\">\n\t\t\t\t\t\t\t<div class=\"elementor-shortcode\"><\/div>\n\t\t\t\t\t\t<\/div>\n\t\t\t\t<\/div>\n\t\t\t\t<div class=\"elementor-element elementor-element-4b0d8bd elementor-widget elementor-widget-heading\" data-id=\"4b0d8bd\" data-element_type=\"widget\" data-e-type=\"widget\" data-widget_type=\"heading.default\">\n\t\t\t\t<div class=\"elementor-widget-container\">\n\t\t\t\t\t<h2 class=\"elementor-heading-title elementor-size-default\">Contactez nous<\/h2>\t\t\t\t<\/div>\n\t\t\t\t<\/div>\n\t\t\t\t<div class=\"elementor-element elementor-element-9b2e6c6 elementor-widget elementor-widget-text-editor\" data-id=\"9b2e6c6\" data-element_type=\"widget\" data-e-type=\"widget\" data-widget_type=\"text-editor.default\">\n\t\t\t\t<div class=\"elementor-widget-container\">\n\t\t\t\t\t\t\t\t\t<p>Blue Medical Plus propose un tourisme m\u00e9dical sous licence en Turquie, offrant des traitements dentaires, des consultations et des arrangements de voyage pour une exp\u00e9rience transparente et de haute qualit\u00e9.<\/p>\t\t\t\t\t\t\t\t<\/div>\n\t\t\t\t<\/div>\n\t\t\t\t<\/div>\n\t\t<div class=\"elementor-element elementor-element-186871b e-con-full e-flex e-con e-child\" data-id=\"186871b\" data-element_type=\"container\" data-e-type=\"container\">\n\t\t\t\t<div class=\"elementor-element elementor-element-f11461a elementor-widget elementor-widget-google_maps\" data-id=\"f11461a\" data-element_type=\"widget\" data-e-type=\"widget\" data-widget_type=\"google_maps.default\">\n\t\t\t\t<div class=\"elementor-widget-container\">\n\t\t\t\t\t\t\t<div class=\"elementor-custom-embed\">\n\t\t\t<iframe loading=\"lazy\"\n\t\t\t\t\tsrc=\"https:\/\/maps.google.com\/maps?q=Blue%20Medical%20Plus%20&#038;t=m&#038;z=16&#038;output=embed&#038;iwloc=near\"\n\t\t\t\t\ttitle=\"Blue Medical Plus \"\n\t\t\t\t\taria-label=\"Blue Medical Plus \"\n\t\t\t><\/iframe>\n\t\t<\/div>\n\t\t\t\t\t\t<\/div>\n\t\t\t\t<\/div>\n\t\t\t\t<\/div>\n\t\t\t\t\t<\/div>\n\t\t\t\t<\/div>\n\t\t\t\t\t<\/div>\n\t\t\t\t<\/div>\n\t\t<div class=\"elementor-element elementor-element-b96c4cb e-flex e-con-boxed e-con e-parent\" data-id=\"b96c4cb\" data-element_type=\"container\" data-e-type=\"container\">\n\t\t\t\t\t<div class=\"e-con-inner\">\n\t\t<div class=\"elementor-element elementor-element-b91f2be e-con-full e-flex e-con e-child\" data-id=\"b91f2be\" data-element_type=\"container\" data-e-type=\"container\" data-settings=\"{&quot;background_background&quot;:&quot;classic&quot;}\">\n\t\t\t\t<div class=\"elementor-element elementor-element-4ef0963 elementor-view-default elementor-position-block-start elementor-mobile-position-block-start elementor-widget elementor-widget-icon-box\" data-id=\"4ef0963\" data-element_type=\"widget\" data-e-type=\"widget\" data-widget_type=\"icon-box.default\">\n\t\t\t\t<div class=\"elementor-widget-container\">\n\t\t\t\t\t\t\t<div class=\"elementor-icon-box-wrapper\">\n\n\t\t\t\t\t\t<div class=\"elementor-icon-box-icon\">\n\t\t\t\t<a href=\"tel:00095528007000\" class=\"elementor-icon\" tabindex=\"-1\" aria-label=\"Appelez-nous\">\n\t\t\t\t<svg aria-hidden=\"true\" class=\"e-font-icon-svg e-fas-phone\" viewBox=\"0 0 512 512\" xmlns=\"http:\/\/www.w3.org\/2000\/svg\"><path d=\"M493.4 24.6l-104-24c-11.3-2.6-22.9 3.3-27.5 13.9l-48 112c-4.2 9.8-1.4 21.3 6.9 28l60.6 49.6c-36 76.7-98.9 140.5-177.2 177.2l-49.6-60.6c-6.8-8.3-18.2-11.1-28-6.9l-112 48C3.9 366.5-2 378.1.6 389.4l24 104C27.1 504.2 36.7 512 48 512c256.1 0 464-207.5 464-464 0-11.2-7.7-20.9-18.6-23.4z\"><\/path><\/svg>\t\t\t\t<\/a>\n\t\t\t<\/div>\n\t\t\t\n\t\t\t\t\t\t<div class=\"elementor-icon-box-content\">\n\n\t\t\t\t\t\t\t\t\t<h3 class=\"elementor-icon-box-title\">\n\t\t\t\t\t\t<a href=\"tel:00095528007000\" >\n\t\t\t\t\t\t\tAppelez-nous\t\t\t\t\t\t<\/a>\n\t\t\t\t\t<\/h3>\n\t\t\t\t\n\t\t\t\t\t\t\t\t\t<p class=\"elementor-icon-box-description\">\n\t\t\t\t\t\t+9 0552 800 7000\t\t\t\t\t<\/p>\n\t\t\t\t\n\t\t\t<\/div>\n\t\t\t\n\t\t<\/div>\n\t\t\t\t\t\t<\/div>\n\t\t\t\t<\/div>\n\t\t\t\t<div class=\"elementor-element elementor-element-b1c6bb9 elementor-view-default elementor-position-block-start elementor-mobile-position-block-start elementor-widget elementor-widget-icon-box\" data-id=\"b1c6bb9\" data-element_type=\"widget\" data-e-type=\"widget\" data-widget_type=\"icon-box.default\">\n\t\t\t\t<div class=\"elementor-widget-container\">\n\t\t\t\t\t\t\t<div class=\"elementor-icon-box-wrapper\">\n\n\t\t\t\t\t\t<div class=\"elementor-icon-box-icon\">\n\t\t\t\t<a href=\"mailto:info@bluemedicalplus.com\" class=\"elementor-icon\" tabindex=\"-1\" aria-label=\"Contactez nous\">\n\t\t\t\t<svg aria-hidden=\"true\" class=\"e-font-icon-svg e-far-envelope-open\" viewBox=\"0 0 512 512\" xmlns=\"http:\/\/www.w3.org\/2000\/svg\"><path d=\"M494.586 164.516c-4.697-3.883-111.723-89.95-135.251-108.657C337.231 38.191 299.437 0 256 0c-43.205 0-80.636 37.717-103.335 55.859-24.463 19.45-131.07 105.195-135.15 108.549A48.004 48.004 0 0 0 0 201.485V464c0 26.51 21.49 48 48 48h416c26.51 0 48-21.49 48-48V201.509a48 48 0 0 0-17.414-36.993zM464 458a6 6 0 0 1-6 6H54a6 6 0 0 1-6-6V204.347c0-1.813.816-3.526 2.226-4.665 15.87-12.814 108.793-87.554 132.364-106.293C200.755 78.88 232.398 48 256 48c23.693 0 55.857 31.369 73.41 45.389 23.573 18.741 116.503 93.493 132.366 106.316a5.99 5.99 0 0 1 2.224 4.663V458zm-31.991-187.704c4.249 5.159 3.465 12.795-1.745 16.981-28.975 23.283-59.274 47.597-70.929 56.863C336.636 362.283 299.205 400 256 400c-43.452 0-81.287-38.237-103.335-55.86-11.279-8.967-41.744-33.413-70.927-56.865-5.21-4.187-5.993-11.822-1.745-16.981l15.258-18.528c4.178-5.073 11.657-5.843 16.779-1.726 28.618 23.001 58.566 47.035 70.56 56.571C200.143 320.631 232.307 352 256 352c23.602 0 55.246-30.88 73.41-45.389 11.994-9.535 41.944-33.57 70.563-56.568 5.122-4.116 12.601-3.346 16.778 1.727l15.258 18.526z\"><\/path><\/svg>\t\t\t\t<\/a>\n\t\t\t<\/div>\n\t\t\t\n\t\t\t\t\t\t<div class=\"elementor-icon-box-content\">\n\n\t\t\t\t\t\t\t\t\t<h3 class=\"elementor-icon-box-title\">\n\t\t\t\t\t\t<a href=\"mailto:info@bluemedicalplus.com\" >\n\t\t\t\t\t\t\tContactez nous\t\t\t\t\t\t<\/a>\n\t\t\t\t\t<\/h3>\n\t\t\t\t\n\t\t\t\t\t\t\t\t\t<p class=\"elementor-icon-box-description\">\n\t\t\t\t\t\tinfo@bluemedicalplus.com\t\t\t\t\t<\/p>\n\t\t\t\t\n\t\t\t<\/div>\n\t\t\t\n\t\t<\/div>\n\t\t\t\t\t\t<\/div>\n\t\t\t\t<\/div>\n\t\t\t\t<div class=\"elementor-element elementor-element-8398ff2 elementor-view-default elementor-position-block-start elementor-mobile-position-block-start elementor-widget elementor-widget-icon-box\" data-id=\"8398ff2\" data-element_type=\"widget\" data-e-type=\"widget\" data-widget_type=\"icon-box.default\">\n\t\t\t\t<div class=\"elementor-widget-container\">\n\t\t\t\t\t\t\t<div class=\"elementor-icon-box-wrapper\">\n\n\t\t\t\t\t\t<div class=\"elementor-icon-box-icon\">\n\t\t\t\t<a href=\"https:\/\/maps.app.goo.gl\/13eH94MZfRoaC5Bg9\" class=\"elementor-icon\" tabindex=\"-1\" aria-label=\"Localisation\">\n\t\t\t\t<svg aria-hidden=\"true\" class=\"e-font-icon-svg e-fas-search-location\" viewBox=\"0 0 512 512\" xmlns=\"http:\/\/www.w3.org\/2000\/svg\"><path d=\"M505.04 442.66l-99.71-99.69c-4.5-4.5-10.6-7-17-7h-16.3c27.6-35.3 44-79.69 44-127.99C416.03 93.09 322.92 0 208.02 0S0 93.09 0 207.98s93.11 207.98 208.02 207.98c48.3 0 92.71-16.4 128.01-44v16.3c0 6.4 2.5 12.5 7 17l99.71 99.69c9.4 9.4 24.6 9.4 33.9 0l28.3-28.3c9.4-9.4 9.4-24.59.1-33.99zm-297.02-90.7c-79.54 0-144-64.34-144-143.98 0-79.53 64.35-143.98 144-143.98 79.54 0 144 64.34 144 143.98 0 79.53-64.35 143.98-144 143.98zm.02-239.96c-40.78 0-73.84 33.05-73.84 73.83 0 32.96 48.26 93.05 66.75 114.86a9.24 9.24 0 0 0 14.18 0c18.49-21.81 66.75-81.89 66.75-114.86 0-40.78-33.06-73.83-73.84-73.83zm0 96c-13.26 0-24-10.75-24-24 0-13.26 10.75-24 24-24s24 10.74 24 24c0 13.25-10.75 24-24 24z\"><\/path><\/svg>\t\t\t\t<\/a>\n\t\t\t<\/div>\n\t\t\t\n\t\t\t\t\t\t<div class=\"elementor-icon-box-content\">\n\n\t\t\t\t\t\t\t\t\t<h3 class=\"elementor-icon-box-title\">\n\t\t\t\t\t\t<a href=\"https:\/\/maps.app.goo.gl\/13eH94MZfRoaC5Bg9\" >\n\t\t\t\t\t\t\tLocalisation\t\t\t\t\t\t<\/a>\n\t\t\t\t\t<\/h3>\n\t\t\t\t\n\t\t\t\t\t\t\t\t\t<p class=\"elementor-icon-box-description\">\n\t\t\t\t\t\tP\u0130R\u0130 RE\u0130S MAH. 2061. SK. NO: 10 \u0130\u00c7 KAPI NO: 8 ESENYURT\/\n\u0130STANBUL \t\t\t\t\t<\/p>\n\t\t\t\t\n\t\t\t<\/div>\n\t\t\t\n\t\t<\/div>\n\t\t\t\t\t\t<\/div>\n\t\t\t\t<\/div>\n\t\t\t\t<\/div>\n\t\t<div class=\"elementor-element elementor-element-27b8dce e-con-full e-flex e-con e-child\" data-id=\"27b8dce\" data-element_type=\"container\" data-e-type=\"container\">\n\t\t\t\t<div class=\"elementor-element elementor-element-e55f295 elementor-widget elementor-widget-heading\" data-id=\"e55f295\" data-element_type=\"widget\" data-e-type=\"widget\" data-widget_type=\"heading.default\">\n\t\t\t\t<div class=\"elementor-widget-container\">\n\t\t\t\t\t<h2 class=\"elementor-heading-title elementor-size-default\">Obtenez votre consultation GRATUITE<\/h2>\t\t\t\t<\/div>\n\t\t\t\t<\/div>\n\t\t\t\t<div class=\"elementor-element elementor-element-3d8e80c elementor-widget elementor-widget-text-editor\" data-id=\"3d8e80c\" data-element_type=\"widget\" data-e-type=\"widget\" data-widget_type=\"text-editor.default\">\n\t\t\t\t<div class=\"elementor-widget-container\">\n\t\t\t\t\t\t\t\t\t<p>Obtenez votre consultation dentaire GRATUITE d\u00e8s aujourd&rsquo;hui ! Des conseils d&rsquo;experts pour un sourire sain et magnifique &#8211; R\u00e9servez maintenant ! <\/p>\t\t\t\t\t\t\t\t<\/div>\n\t\t\t\t<\/div>\n\t\t\t\t<div class=\"elementor-element elementor-element-3e98c52 elementor-button-align-center elementor-widget__width-inherit elementor-widget elementor-widget-form\" data-id=\"3e98c52\" data-element_type=\"widget\" data-e-type=\"widget\" data-settings=\"{&quot;step_next_label&quot;:&quot;Suivant&quot;,&quot;step_previous_label&quot;:&quot;Pr\\u00e9c\\u00e9dent&quot;,&quot;step_type&quot;:&quot;number_text&quot;,&quot;step_icon_shape&quot;:&quot;circle&quot;}\" data-widget_type=\"form.default\">\n\t\t\t\t<div class=\"elementor-widget-container\">\n\t\t\t\t\t\t\t<form class=\"elementor-form\" method=\"post\" name=\"SITE WEB PAGE NOUS CONTACTER FORMULAIRE DE CONTACT\" aria-label=\"SITE WEB PAGE NOUS CONTACTER FORMULAIRE DE CONTACT\">\n\t\t\t<input type=\"hidden\" name=\"post_id\" value=\"6785\"\/>\n\t\t\t<input type=\"hidden\" name=\"form_id\" value=\"3e98c52\"\/>\n\t\t\t<input type=\"hidden\" name=\"referer_title\" value=\"Contactez nous | Blue Medical Plus\" \/>\n\n\t\t\t\t\t\t\t<input type=\"hidden\" name=\"queried_id\" value=\"6785\"\/>\n\t\t\t\n\t\t\t<div class=\"elementor-form-fields-wrapper elementor-labels-\">\n\t\t\t\t\t\t\t\t<div class=\"elementor-field-type-text elementor-field-group elementor-column elementor-field-group-name elementor-col-100 elementor-field-required\">\n\t\t\t\t\t\t\t\t\t\t\t\t\t<input size=\"1\" type=\"text\" name=\"form_fields[name]\" id=\"form-field-name\" class=\"elementor-field elementor-size-md  elementor-field-textual\" placeholder=\"Nom complet\" required=\"required\">\n\t\t\t\t\t\t\t\t\t\t\t<\/div>\n\t\t\t\t\t\t\t\t<div class=\"elementor-field-type-tel elementor-field-group elementor-column elementor-field-group-message elementor-col-100 elementor-field-required\">\n\t\t\t\t\t<span class=\"ccfef-editor-intl-input\" data-id=\"form-field-message\" data-field-id=\"7f0fb40\" data-default-country=\"tr\" data-include-countries=\"\" data-exclude-countries=\"\" data-dial-code-visibility=\"show\" data-strict-mode=\"no\" style=\"display: none;\"><\/span>\t\t<input size=\"1\" type=\"tel\" name=\"form_fields[message]\" id=\"form-field-message\" class=\"elementor-field elementor-size-md  elementor-field-textual\" placeholder=\"T\u00e9l\u00e9phone\" required=\"required\" pattern=\"[0-9()#&amp;+*-=.]+\" title=\"Seuls les caract\u00e8res de num\u00e9ros de t\u00e9l\u00e9phone (#, -, *, etc.) sont accept\u00e9s.\">\n\n\t\t\t\t\t\t<\/div>\n\t\t\t\t\t\t\t\t<div class=\"elementor-field-type-email elementor-field-group elementor-column elementor-field-group-email elementor-col-100\">\n\t\t\t\t\t\t\t\t\t\t\t\t\t<input size=\"1\" type=\"email\" name=\"form_fields[email]\" id=\"form-field-email\" class=\"elementor-field elementor-size-md  elementor-field-textual\" placeholder=\"Courriel\">\n\t\t\t\t\t\t\t\t\t\t\t<\/div>\n\t\t\t\t\t\t\t\t<div class=\"elementor-field-type-textarea elementor-field-group elementor-column elementor-field-group-field_a57e5e4 elementor-col-100\">\n\t\t\t\t\t<textarea class=\"elementor-field-textual elementor-field  elementor-size-md\" name=\"form_fields[field_a57e5e4]\" id=\"form-field-field_a57e5e4\" rows=\"4\"><\/textarea>\t\t\t\t<\/div>\n\t\t\t\t\t\t\t\t<div class=\"elementor-field-group elementor-column elementor-field-type-submit elementor-col-100 e-form__buttons\">\n\t\t\t\t\t<button class=\"elementor-button elementor-size-md\" type=\"submit\">\n\t\t\t\t\t\t<span class=\"elementor-button-content-wrapper\">\n\t\t\t\t\t\t\t\t\t\t\t\t\t\t\t\t\t\t\t\t\t\t<span class=\"elementor-button-text\">SOUMETTRE<\/span>\n\t\t\t\t\t\t\t\t\t\t\t\t\t<\/span>\n\t\t\t\t\t<\/button>\n\t\t\t\t<\/div>\n\t\t\t<\/div>\n\t\t<\/form>\n\t\t\t\t\t\t<\/div>\n\t\t\t\t<\/div>\n\t\t\t\t<\/div>\n\t\t\t\t\t<\/div>\n\t\t\t\t<\/div>\n\t\t\t\t<\/div>\n\t\t","protected":false},"excerpt":{"rendered":"<p>Votre confort est notre expertise. Commencez votre voyage vers un nouveau sourire avec nous <\/p>\n","protected":false},"author":1,"featured_media":2793,"parent":0,"menu_order":0,"comment_status":"closed","ping_status":"closed","template":"","meta":{"footnotes":""},"class_list":["post-6785","page","type-page","status-publish","has-post-thumbnail","hentry"],"blocksy_meta":{"has_hero_section":"disabled","vertical_spacing_source":"custom","content_area_spacing":"none","styles_descriptor":{"styles":{"desktop":"","tablet":"","mobile":""},"google_fonts":[],"version":6}},"yoast_head":"<!-- This site is optimized with the Yoast SEO plugin v27.4 - https:\/\/yoast.com\/product\/yoast-seo-wordpress\/ -->\n<title>Contactez nous | Blue Medical Plus<\/title>\n<meta name=\"description\" content=\"Your comfort is our expertise. Begin your journey to a new smile with us.\" \/>\n<meta name=\"robots\" content=\"index, follow, max-snippet:-1, max-image-preview:large, max-video-preview:-1\" \/>\n<link rel=\"canonical\" href=\"https:\/\/bluemedicalplus.com\/fr\/contactez-nous\/\" \/>\n<meta property=\"og:locale\" content=\"fr_FR\" \/>\n<meta property=\"og:type\" content=\"article\" \/>\n<meta property=\"og:title\" content=\"Contactez-nous | Blue Medical Plus\" \/>\n<meta property=\"og:description\" content=\"Votre confort est notre expertise. Commencez votre voyage vers un nouveau sourire avec nous\" \/>\n<meta property=\"og:url\" content=\"https:\/\/bluemedicalplus.com\/fr\/contactez-nous\/\" \/>\n<meta property=\"og:site_name\" content=\"Blue Medical Plus\" \/>\n<meta property=\"article:publisher\" content=\"https:\/\/www.facebook.com\/bluemedicalplus\" \/>\n<meta property=\"article:modified_time\" content=\"2026-04-01T22:52:27+00:00\" \/>\n<meta property=\"og:image\" content=\"https:\/\/bluemedicalplus.com\/wp-content\/uploads\/2025\/01\/seo-cover-1024x575.jpg\" \/>\n<meta name=\"twitter:card\" content=\"summary_large_image\" \/>\n<meta name=\"twitter:title\" content=\"Contactez-nous | Blue Medical Plus\" \/>\n<meta name=\"twitter:description\" content=\"Votre confort est notre expertise. Commencez votre voyage vers un nouveau sourire avec nous\" \/>\n<meta name=\"twitter:image\" content=\"https:\/\/bluemedicalplus.com\/wp-content\/uploads\/2025\/01\/seo-cover-1024x575.jpg\" \/>\n<meta name=\"twitter:site\" content=\"@bluemedicalplus\" \/>\n<meta name=\"twitter:label1\" content=\"Dur\u00e9e de lecture estim\u00e9e\" \/>\n\t<meta name=\"twitter:data1\" content=\"7 minutes\" \/>\n<script type=\"application\/ld+json\" class=\"yoast-schema-graph\">{\"@context\":\"https:\\\/\\\/schema.org\",\"@graph\":[{\"@type\":\"WebPage\",\"@id\":\"https:\\\/\\\/bluemedicalplus.com\\\/fr\\\/contactez-nous\\\/\",\"url\":\"https:\\\/\\\/bluemedicalplus.com\\\/fr\\\/contactez-nous\\\/\",\"name\":\"Contactez nous | Blue Medical Plus\",\"isPartOf\":{\"@id\":\"https:\\\/\\\/bluemedicalplus.com\\\/fr\\\/#website\"},\"primaryImageOfPage\":{\"@id\":\"https:\\\/\\\/bluemedicalplus.com\\\/fr\\\/contactez-nous\\\/#primaryimage\"},\"image\":{\"@id\":\"https:\\\/\\\/bluemedicalplus.com\\\/fr\\\/contactez-nous\\\/#primaryimage\"},\"thumbnailUrl\":\"https:\\\/\\\/bluemedicalplus.com\\\/wp-content\\\/uploads\\\/2025\\\/01\\\/seo-cover.jpg\",\"datePublished\":\"2024-02-10T13:43:18+00:00\",\"dateModified\":\"2026-04-01T22:52:27+00:00\",\"description\":\"Your comfort is our expertise. Begin your journey to a new smile with us.\",\"breadcrumb\":{\"@id\":\"https:\\\/\\\/bluemedicalplus.com\\\/fr\\\/contactez-nous\\\/#breadcrumb\"},\"inLanguage\":\"fr-FR\",\"potentialAction\":[{\"@type\":\"ReadAction\",\"target\":[\"https:\\\/\\\/bluemedicalplus.com\\\/fr\\\/contactez-nous\\\/\"]}]},{\"@type\":\"ImageObject\",\"inLanguage\":\"fr-FR\",\"@id\":\"https:\\\/\\\/bluemedicalplus.com\\\/fr\\\/contactez-nous\\\/#primaryimage\",\"url\":\"https:\\\/\\\/bluemedicalplus.com\\\/wp-content\\\/uploads\\\/2025\\\/01\\\/seo-cover.jpg\",\"contentUrl\":\"https:\\\/\\\/bluemedicalplus.com\\\/wp-content\\\/uploads\\\/2025\\\/01\\\/seo-cover.jpg\",\"width\":1068,\"height\":600},{\"@type\":\"BreadcrumbList\",\"@id\":\"https:\\\/\\\/bluemedicalplus.com\\\/fr\\\/contactez-nous\\\/#breadcrumb\",\"itemListElement\":[{\"@type\":\"ListItem\",\"position\":1,\"name\":\"Home\",\"item\":\"https:\\\/\\\/bluemedicalplus.com\\\/fr\\\/\"},{\"@type\":\"ListItem\",\"position\":2,\"name\":\"Contactez nous\"}]},{\"@type\":\"WebSite\",\"@id\":\"https:\\\/\\\/bluemedicalplus.com\\\/fr\\\/#website\",\"url\":\"https:\\\/\\\/bluemedicalplus.com\\\/fr\\\/\",\"name\":\"Blue Medical Plus\",\"description\":\"Your comfort is our expertise.\",\"publisher\":{\"@id\":\"https:\\\/\\\/bluemedicalplus.com\\\/fr\\\/#organization\"},\"potentialAction\":[{\"@type\":\"SearchAction\",\"target\":{\"@type\":\"EntryPoint\",\"urlTemplate\":\"https:\\\/\\\/bluemedicalplus.com\\\/fr\\\/?s={search_term_string}\"},\"query-input\":{\"@type\":\"PropertyValueSpecification\",\"valueRequired\":true,\"valueName\":\"search_term_string\"}}],\"inLanguage\":\"fr-FR\"},{\"@type\":\"Organization\",\"@id\":\"https:\\\/\\\/bluemedicalplus.com\\\/fr\\\/#organization\",\"name\":\"Blue Medical Plus\",\"url\":\"https:\\\/\\\/bluemedicalplus.com\\\/fr\\\/\",\"logo\":{\"@type\":\"ImageObject\",\"inLanguage\":\"fr-FR\",\"@id\":\"https:\\\/\\\/bluemedicalplus.com\\\/fr\\\/#\\\/schema\\\/logo\\\/image\\\/\",\"url\":\"https:\\\/\\\/bluemedicalplus.com\\\/wp-content\\\/uploads\\\/2025\\\/02\\\/BLUE-MEDICAL-PLUS-LOGO-PRO-01.jpg\",\"contentUrl\":\"https:\\\/\\\/bluemedicalplus.com\\\/wp-content\\\/uploads\\\/2025\\\/02\\\/BLUE-MEDICAL-PLUS-LOGO-PRO-01.jpg\",\"width\":1080,\"height\":1080,\"caption\":\"Blue Medical Plus\"},\"image\":{\"@id\":\"https:\\\/\\\/bluemedicalplus.com\\\/fr\\\/#\\\/schema\\\/logo\\\/image\\\/\"},\"sameAs\":[\"https:\\\/\\\/www.facebook.com\\\/bluemedicalplus\",\"https:\\\/\\\/x.com\\\/bluemedicalplus\",\"https:\\\/\\\/www.instagram.com\\\/bluemedicalplus\\\/\",\"https:\\\/\\\/www.youtube.com\\\/@bluemedicalplus\\\/\",\"https:\\\/\\\/www.tiktok.com\\\/@bluemedicalplus\",\"https:\\\/\\\/www.linkedin.com\\\/company\\\/bluemedicalplus\\\/\",\"https:\\\/\\\/maps.app.goo.gl\\\/FCFymS45oCzDY5Ez9\",\"https:\\\/\\\/yandex.com\\\/harita\\\/org\\\/blue_medical_plus\\\/89481695370\\\/\"]}]}<\/script>\n<!-- \/ Yoast SEO plugin. -->","yoast_head_json":{"title":"Contactez nous | Blue Medical Plus","description":"Your comfort is our expertise. Begin your journey to a new smile with us.","robots":{"index":"index","follow":"follow","max-snippet":"max-snippet:-1","max-image-preview":"max-image-preview:large","max-video-preview":"max-video-preview:-1"},"canonical":"https:\/\/bluemedicalplus.com\/fr\/contactez-nous\/","og_locale":"fr_FR","og_type":"article","og_title":"Contactez-nous | Blue Medical Plus","og_description":"Votre confort est notre expertise. Commencez votre voyage vers un nouveau sourire avec nous","og_url":"https:\/\/bluemedicalplus.com\/fr\/contactez-nous\/","og_site_name":"Blue Medical Plus","article_publisher":"https:\/\/www.facebook.com\/bluemedicalplus","article_modified_time":"2026-04-01T22:52:27+00:00","og_image":[{"url":"https:\/\/bluemedicalplus.com\/wp-content\/uploads\/2025\/01\/seo-cover-1024x575.jpg","type":"","width":"","height":""}],"twitter_card":"summary_large_image","twitter_title":"Contactez-nous | Blue Medical Plus","twitter_description":"Votre confort est notre expertise. Commencez votre voyage vers un nouveau sourire avec nous","twitter_image":"https:\/\/bluemedicalplus.com\/wp-content\/uploads\/2025\/01\/seo-cover-1024x575.jpg","twitter_site":"@bluemedicalplus","twitter_misc":{"Dur\u00e9e de lecture estim\u00e9e":"7 minutes"},"schema":{"@context":"https:\/\/schema.org","@graph":[{"@type":"WebPage","@id":"https:\/\/bluemedicalplus.com\/fr\/contactez-nous\/","url":"https:\/\/bluemedicalplus.com\/fr\/contactez-nous\/","name":"Contactez nous | Blue Medical Plus","isPartOf":{"@id":"https:\/\/bluemedicalplus.com\/fr\/#website"},"primaryImageOfPage":{"@id":"https:\/\/bluemedicalplus.com\/fr\/contactez-nous\/#primaryimage"},"image":{"@id":"https:\/\/bluemedicalplus.com\/fr\/contactez-nous\/#primaryimage"},"thumbnailUrl":"https:\/\/bluemedicalplus.com\/wp-content\/uploads\/2025\/01\/seo-cover.jpg","datePublished":"2024-02-10T13:43:18+00:00","dateModified":"2026-04-01T22:52:27+00:00","description":"Your comfort is our expertise. Begin your journey to a new smile with us.","breadcrumb":{"@id":"https:\/\/bluemedicalplus.com\/fr\/contactez-nous\/#breadcrumb"},"inLanguage":"fr-FR","potentialAction":[{"@type":"ReadAction","target":["https:\/\/bluemedicalplus.com\/fr\/contactez-nous\/"]}]},{"@type":"ImageObject","inLanguage":"fr-FR","@id":"https:\/\/bluemedicalplus.com\/fr\/contactez-nous\/#primaryimage","url":"https:\/\/bluemedicalplus.com\/wp-content\/uploads\/2025\/01\/seo-cover.jpg","contentUrl":"https:\/\/bluemedicalplus.com\/wp-content\/uploads\/2025\/01\/seo-cover.jpg","width":1068,"height":600},{"@type":"BreadcrumbList","@id":"https:\/\/bluemedicalplus.com\/fr\/contactez-nous\/#breadcrumb","itemListElement":[{"@type":"ListItem","position":1,"name":"Home","item":"https:\/\/bluemedicalplus.com\/fr\/"},{"@type":"ListItem","position":2,"name":"Contactez nous"}]},{"@type":"WebSite","@id":"https:\/\/bluemedicalplus.com\/fr\/#website","url":"https:\/\/bluemedicalplus.com\/fr\/","name":"Blue Medical Plus","description":"Your comfort is our expertise.","publisher":{"@id":"https:\/\/bluemedicalplus.com\/fr\/#organization"},"potentialAction":[{"@type":"SearchAction","target":{"@type":"EntryPoint","urlTemplate":"https:\/\/bluemedicalplus.com\/fr\/?s={search_term_string}"},"query-input":{"@type":"PropertyValueSpecification","valueRequired":true,"valueName":"search_term_string"}}],"inLanguage":"fr-FR"},{"@type":"Organization","@id":"https:\/\/bluemedicalplus.com\/fr\/#organization","name":"Blue Medical Plus","url":"https:\/\/bluemedicalplus.com\/fr\/","logo":{"@type":"ImageObject","inLanguage":"fr-FR","@id":"https:\/\/bluemedicalplus.com\/fr\/#\/schema\/logo\/image\/","url":"https:\/\/bluemedicalplus.com\/wp-content\/uploads\/2025\/02\/BLUE-MEDICAL-PLUS-LOGO-PRO-01.jpg","contentUrl":"https:\/\/bluemedicalplus.com\/wp-content\/uploads\/2025\/02\/BLUE-MEDICAL-PLUS-LOGO-PRO-01.jpg","width":1080,"height":1080,"caption":"Blue Medical Plus"},"image":{"@id":"https:\/\/bluemedicalplus.com\/fr\/#\/schema\/logo\/image\/"},"sameAs":["https:\/\/www.facebook.com\/bluemedicalplus","https:\/\/x.com\/bluemedicalplus","https:\/\/www.instagram.com\/bluemedicalplus\/","https:\/\/www.youtube.com\/@bluemedicalplus\/","https:\/\/www.tiktok.com\/@bluemedicalplus","https:\/\/www.linkedin.com\/company\/bluemedicalplus\/","https:\/\/maps.app.goo.gl\/FCFymS45oCzDY5Ez9","https:\/\/yandex.com\/harita\/org\/blue_medical_plus\/89481695370\/"]}]}},"_links":{"self":[{"href":"https:\/\/bluemedicalplus.com\/fr\/wp-json\/wp\/v2\/pages\/6785","targetHints":{"allow":["GET"]}}],"collection":[{"href":"https:\/\/bluemedicalplus.com\/fr\/wp-json\/wp\/v2\/pages"}],"about":[{"href":"https:\/\/bluemedicalplus.com\/fr\/wp-json\/wp\/v2\/types\/page"}],"author":[{"embeddable":true,"href":"https:\/\/bluemedicalplus.com\/fr\/wp-json\/wp\/v2\/users\/1"}],"replies":[{"embeddable":true,"href":"https:\/\/bluemedicalplus.com\/fr\/wp-json\/wp\/v2\/comments?post=6785"}],"version-history":[{"count":16,"href":"https:\/\/bluemedicalplus.com\/fr\/wp-json\/wp\/v2\/pages\/6785\/revisions"}],"predecessor-version":[{"id":8619,"href":"https:\/\/bluemedicalplus.com\/fr\/wp-json\/wp\/v2\/pages\/6785\/revisions\/8619"}],"wp:featuredmedia":[{"embeddable":true,"href":"https:\/\/bluemedicalplus.com\/fr\/wp-json\/wp\/v2\/media\/2793"}],"wp:attachment":[{"href":"https:\/\/bluemedicalplus.com\/fr\/wp-json\/wp\/v2\/media?parent=6785"}],"curies":[{"name":"wp","href":"https:\/\/api.w.org\/{rel}","templated":true}]}}